{"id":990,"date":"2019-09-15T11:39:16","date_gmt":"2019-09-15T16:39:16","guid":{"rendered":"https:\/\/cpmqcca.mywhc.ca\/intranet\/?page_id=990"},"modified":"2019-11-25T14:47:12","modified_gmt":"2019-11-25T19:47:12","slug":"colloque-2019","status":"publish","type":"page","link":"https:\/\/cpm.qc.ca\/intranet\/colloques\/colloque-2019\/","title":{"rendered":"Colloque 2019"},"content":{"rendered":"\n<h1 class=\"wp-block-heading\">Un r\u00e9seau en r\u00e9paration pour nos a\u00een\u00e9s<\/h1>\n\n\n\n<ul class=\"wp-block-list\"><li><a aria-label=\"Cliquez ici pour acc\u00e9der \u00e0 la lettre d\u2019invitation (s\u2019ouvre dans un nouvel onglet)\" href=\"https:\/\/cpm.qc.ca\/intranet\/wp-content\/uploads\/sites\/4\/2019\/11\/PROGRAMME_ET_INSCRIPTION_AU_COLLOQUE_2019.pdf\" target=\"_blank\" rel=\"noreferrer noopener\">Cliquez ici pour acc\u00e9der \u00e0 la lettre d\u2019invitation<\/a><\/li><li><a aria-label=\"Cliquez ici pour acc\u00e9der \u00e0 la fiche d\u2019inscription (s\u2019ouvre dans un nouvel onglet)\" href=\"https:\/\/cpm.qc.ca\/intranet\/wp-content\/uploads\/sites\/4\/2019\/09\/PROGRAMME-ET-INSCRIPTION-AU-COLLOQUE-2019.pdf\" target=\"_blank\" rel=\"noreferrer noopener\">Cliquez ici pour acc\u00e9der \u00e0 la fiche d\u2019inscription<\/a><\/li><li><a aria-label=\"Cliquez ici pour acc\u00e9der au cahier du participant (s\u2019ouvre dans un nouvel onglet)\" href=\"https:\/\/cpm.qc.ca\/intranet\/wp-content\/uploads\/sites\/4\/2019\/11\/Cahier_du_participant_2019.pdf\" target=\"_blank\" rel=\"noreferrer noopener\">Cliquez ici pour acc\u00e9der au cahier du participant<\/a><\/li><li><a aria-label=\"Cliquez ici pour acc\u00e9der au prix r\u00e9cipendiaires (s\u2019ouvre dans un nouvel onglet)\" href=\"https:\/\/cpm.qc.ca\/intranet\/wp-content\/uploads\/sites\/4\/2019\/11\/R\u00e9cipiendaires_des_Prix_et_Mentions_2019.pdf\" target=\"_blank\" rel=\"noreferrer noopener\">Cliquez ici pour acc\u00e9der au prix r\u00e9cipendiaires<\/a><\/li><li><a aria-label=\"Cliquez ici pour acc\u00e9der aux photos du colloque (s\u2019ouvre dans un nouvel onglet)\" href=\"https:\/\/drive.google.com\/drive\/folders\/1Vk9i0-_3ntKrALLyaHRq9fEHSQ7NTyu8?usp=sharing\" target=\"_blank\" rel=\"noreferrer noopener\">Cliquez ici pour acc\u00e9der aux photos du colloque<\/a><\/li><\/ul>\n\n\n\n<p>Ayant pour th\u00e8me \u00ab&nbsp;<strong>Un r\u00e9seau en r\u00e9paration pour nos a\u00een\u00e9s&nbsp;\u00bb, <\/strong>ce colloque accueillera des experts, tels <strong>M. Philippe Voyer<\/strong>, <strong>M. Jean Bottari<\/strong>, <strong>M. Fran\u00e7ois Aubry<\/strong>, <strong>Dr. Frank Giuristante<\/strong>, <strong>Dre Nadine Larente<\/strong>, <strong>Mme Jacqueline Rousseau<\/strong>, <strong>Dr. Alain St-Arnaud<\/strong> de m\u00eame que <strong>Mme Magali Dumas<\/strong>, des membres de comit\u00e9s d\u2019usagers et de r\u00e9sidents ainsi que tous les membres de nos communaut\u00e9s qui souhaiterons y participer. Toutes les personnes pr\u00e9sentes pourront intervenir lors des diff\u00e9rentes discussions entourant principalement les soins prodigu\u00e9s aux a\u00een\u00e9s dans les CHSLD, en milieu hospitalier, de m\u00eame qu&rsquo;\u00e0 domicile.<\/p>\n\n\n\n<h2 class=\"wp-block-heading\">Nos conf\u00e9renciers invit\u00e9s:<\/h2>\n\n\n\n<p>Bloc1 : Soins aux a\u00een\u00e9s \u00e0 domicile<\/p>\n\n\n\n<ul class=\"wp-block-list\"><li>Mme Jacqueline Rousseau<\/li><li>M. Alain St-Arnaud<\/li><li>Mme Magalie Dumas<\/li><\/ul>\n\n\n\n<p>Bloc 2 : Soins aux a\u00een\u00e9s en milieu hospitalier<\/p>\n\n\n\n<ul class=\"wp-block-list\"><li>Dr. Frank Giuristante<\/li><li>Dre Nadine Larente<\/li><li>\u00c9quipe multidisciplinaire de l\u2019h\u00f4pital Lakeshore<\/li><\/ul>\n\n\n\n<p>Bloc 3 : Soins aux a\u00een\u00e9s en centre d\u2019h\u00e9bergement<\/p>\n\n\n\n<ul class=\"wp-block-list\"><li>M. Fran\u00e7ois Aubry<\/li><li>M. Jean Bottari<\/li><li>M. Philippe Voyer<\/li><\/ul>\n\n\n\n<h2 class=\"wp-block-heading\">R\u00e9sum\u00e9 des \u00e9l\u00e9ments importants issus du colloque\u00a0:<\/h2>\n\n\n\n<p>Outre les besoins flagrants en ressources de\npersonnel soignant, <\/p>\n\n\n\n<ul class=\"wp-block-list\"><li>Les autorit\u00e9s du r\u00e9seau devront mieux s\u2019outiller,\ntant sur le plan professionnel que technique afin de mieux \u00e9valuer et assurer\nl\u2019autonomie des personnes \u00e2g\u00e9es qui souhaitent continuer de vivre \u00e0 domicile;<\/li><\/ul>\n\n\n\n<ul class=\"wp-block-list\"><li>Afin d\u2019\u00eatre plus respectueux de la condition d\u2019une\npersonne \u00e2g\u00e9e, lorsqu\u2019il l\u2019accueille \u00e0 l\u2019urgence d\u2019un l\u2019h\u00f4pital, le personnel\nm\u00e9dical doit s\u2019assurer que toutes les \u00e9valuations requises de la personne \u00e2g\u00e9e\nsont r\u00e9alis\u00e9es, tant sur le plan physique que psychologique, ses \u00e9motions et sa\nm\u00e9dication. \u00c0 l\u2019h\u00f4pital, l\u2019approche multidisciplinaire doit \u00eatre la r\u00e8gle et\nelle fonctionne bien \u00e0 certains endroits;<\/li><\/ul>\n\n\n\n<ul class=\"wp-block-list\"><li>On n\u2019insistera jamais assez sur le besoin d\u2019une\nmeilleure formation du personnel soignant comme les pr\u00e9pos\u00e9s aux b\u00e9n\u00e9ficiaires.\nCeux-ci doivent savoir faire et savoir \u00eatre aupr\u00e8s de la personne \u00e2g\u00e9e,\nconna\u00eetre ses habitudes, son histoire, ses besoins;<\/li><\/ul>\n\n\n\n<ul class=\"wp-block-list\"><li>Les pr\u00e9pos\u00e9s bien form\u00e9s et inform\u00e9s sur la\npersonne \u00e2g\u00e9e qu\u2019ils soignent doivent \u00eatre plus impliqu\u00e9s avec l\u2019\u00e9quipe\nsoignante, faire partie, avec la personne \u00e2g\u00e9e, des d\u00e9cisions qui concernent\ncelle-ci. L\u2019\u00e9quipe soignante doit mieux s\u2019enqu\u00e9rir des observations des\npr\u00e9pos\u00e9s.<\/li><\/ul>\n","protected":false},"excerpt":{"rendered":"<p>Un r\u00e9seau en r\u00e9paration pour nos a\u00een\u00e9s Cliquez ici pour acc\u00e9der \u00e0 la lettre d\u2019invitation Cliquez ici pour acc\u00e9der \u00e0 la fiche d\u2019inscription Cliquez ici pour acc\u00e9der au cahier du participant Cliquez ici pour acc\u00e9der au prix r\u00e9cipendiaires Cliquez ici <a class=\"more-link\" href=\"https:\/\/cpm.qc.ca\/intranet\/colloques\/colloque-2019\/\">Lire la suite &#8230;<\/a><\/p>\n","protected":false},"author":2,"featured_media":993,"parent":131,"menu_order":0,"comment_status":"closed","ping_status":"closed","template":"","meta":{"_bbp_topic_count":0,"_bbp_reply_count":0,"_bbp_total_topic_count":0,"_bbp_total_reply_count":0,"_bbp_voice_count":0,"_bbp_anonymous_reply_count":0,"_bbp_topic_count_hidden":0,"_bbp_reply_count_hidden":0,"_bbp_forum_subforum_count":0,"footnotes":""},"class_list":["post-990","page","type-page","status-publish","has-post-thumbnail","hentry"],"_links":{"self":[{"href":"https:\/\/cpm.qc.ca\/intranet\/wp-json\/wp\/v2\/pages\/990","targetHints":{"allow":["GET"]}}],"collection":[{"href":"https:\/\/cpm.qc.ca\/intranet\/wp-json\/wp\/v2\/pages"}],"about":[{"href":"https:\/\/cpm.qc.ca\/intranet\/wp-json\/wp\/v2\/types\/page"}],"author":[{"embeddable":true,"href":"https:\/\/cpm.qc.ca\/intranet\/wp-json\/wp\/v2\/users\/2"}],"replies":[{"embeddable":true,"href":"https:\/\/cpm.qc.ca\/intranet\/wp-json\/wp\/v2\/comments?post=990"}],"version-history":[{"count":19,"href":"https:\/\/cpm.qc.ca\/intranet\/wp-json\/wp\/v2\/pages\/990\/revisions"}],"predecessor-version":[{"id":1310,"href":"https:\/\/cpm.qc.ca\/intranet\/wp-json\/wp\/v2\/pages\/990\/revisions\/1310"}],"up":[{"embeddable":true,"href":"https:\/\/cpm.qc.ca\/intranet\/wp-json\/wp\/v2\/pages\/131"}],"wp:featuredmedia":[{"embeddable":true,"href":"https:\/\/cpm.qc.ca\/intranet\/wp-json\/wp\/v2\/media\/993"}],"wp:attachment":[{"href":"https:\/\/cpm.qc.ca\/intranet\/wp-json\/wp\/v2\/media?parent=990"}],"curies":[{"name":"wp","href":"https:\/\/api.w.org\/{rel}","templated":true}]}}