{"id":960,"date":"2019-09-15T10:28:28","date_gmt":"2019-09-15T15:28:28","guid":{"rendered":"https:\/\/cpmqcca.mywhc.ca\/intranet\/?page_id=960"},"modified":"2019-09-15T11:34:56","modified_gmt":"2019-09-15T16:34:56","slug":"colloque-2002","status":"publish","type":"page","link":"https:\/\/cpm.qc.ca\/intranet\/colloques\/colloque-2002\/","title":{"rendered":"Colloque 2002"},"content":{"rendered":"\n<h1 class=\"wp-block-heading\">La place de l&rsquo;usager dans le syst\u00e8me de sant\u00e9 au Qu\u00e9bec<\/h1>\n\n\n\n<ul class=\"wp-block-list\"><li><a rel=\"noreferrer noopener\" aria-label=\"Cliquez ici pour acc\u00e9der \u00e0 la fiche d\u2019inscription (s\u2019ouvre dans un nouvel onglet)\" href=\"https:\/\/cpm.qc.ca\/intranet\/wp-content\/uploads\/sites\/4\/2019\/09\/Depliant-programme-2002.pdf\" target=\"_blank\">Cliquez ici pour acc\u00e9der \u00e0 la fiche d\u2019inscription<\/a><\/li><\/ul>\n\n\n\n<p>Notre syst\u00e8me de sant\u00e9 conna\u00eet, depuis plusieurs ann\u00e9es, de profondes\ntransformations. \u00c0 cet effet, il suffit de citer le virage ambulatoire amorc\u00e9\nil y a pr\u00e8s d&rsquo;une d\u00e9cennie, les fusions qui se succ\u00e8dent \u00e0 un rythme effr\u00e9n\u00e9 et\nla Loi 120, portant sur l&rsquo;\u00e9quilibre budg\u00e9taire des \u00e9tablissements de sant\u00e9.\nDevant ces nombreux changements, plusieurs usagers se questionnent d\u00e9sormais\nsur la place qui leur est r\u00e9serv\u00e9e dans le r\u00e9seau de la sant\u00e9 qu\u00e9b\u00e9cois. Au\nterme des r\u00e9organisations, que reste-t-il pour l&rsquo;usager? <\/p>\n\n\n\n<p>En effet, quels sont, dans le syst\u00e8me de sant\u00e9 actuel, les droits garantis aux usagers? Quels sont les recours, de m\u00eame que les sanctions associ\u00e9es \u00e0 ces droits? Quels sont, par ailleurs, les m\u00e9canismes de protection mis en place en regard des personnes les plus vuln\u00e9rables de notre soci\u00e9t\u00e9?<\/p>\n\n\n\n<p>Finalement, quels sont les r\u00f4les et les charges assum\u00e9es par les comit\u00e9s des usagers, ces \u00ab\u00a0associations\u00a0\u00bb d&rsquo;usagers dont la cr\u00e9ation est dans bien des cas obligatoire dans les \u00e9tablissements de sant\u00e9? Voil\u00e0 autant de questions fondamentales auxquelles nous nous proposons de r\u00e9pondre dans le cadre de ce colloque. En effet, toutes ces interrogations nous am\u00e8nent \u00e0 situer l&rsquo;usager dans le r\u00e9seau de la sant\u00e9: ses droits, ses recours, les moyens de protection mis \u00e0 sa disposition et les associations auxquelles il peut adh\u00e9rer <\/p>\n\n\n\n<p><\/p>\n\n\n\n<h2 class=\"wp-block-heading\">Nos conf\u00e9renciers invit\u00e9s<\/h2>\n\n\n\n<p><strong>Me Susy Landreville, avocate, inf. B.Sc., LL.B. Conseil pour la protection des malades (CPM). <\/strong><em>Les droits des usagers dans le r\u00e9seau de la sant\u00e9.<\/em><\/p>\n\n\n\n<p><strong>M. Jean-Rock Pelletier, Protecteur des usagers.<\/strong> <em>Les recours administratifs.<\/em><\/p>\n\n\n\n<p><strong>Me Marc Boulanger, avocat, LL.L. Tremblay, Bois, Mignault, Lemay. <\/strong><em>Les recours civils des usagers.<\/em><\/p>\n\n\n\n<p><strong>Me Francine Beaudet, avocate, LL.B..<\/strong> <em>Le mandat en pr\u00e9vision de l&rsquo;inaptitude.<\/em><\/p>\n\n\n\n<p><strong>M. Normand Laroche, Curateur public.<\/strong> <em>La curatelle publique.<\/em><\/p>\n\n\n\n<p><strong>L&rsquo;Honorable Claude H. Chicoine, Juge \u00e0 la Cour du Qu\u00e9bec, Coordonnateur de la Cour du Qu\u00e9bec  pour la r\u00e9gion de la Mont\u00e9r\u00e9gie.<\/strong> <em>La garde en \u00e9tablissement.<\/em><\/p>\n\n\n\n<p><strong>Mme Marie-\u00c8ve Marcil, Conseil pour la protection des malades (CPM), et M. \u00c9ric Girard, B.Sc., LL.B. Conseil pour la protection des malades (CPM). <\/strong><em>R\u00f4le et mandat des comit\u00e9s des usagers.<\/em><\/p>\n\n\n\n<p><strong>M. Ronald McNeil, R\u00e9gie r\u00e9gionale de la sant\u00e9 et des services sociaux \u2013 Montr\u00e9al-Centre. <\/strong><em>Budgets et financement des comit\u00e9s des usagers.<\/em><\/p>\n","protected":false},"excerpt":{"rendered":"<p>La place de l&rsquo;usager dans le syst\u00e8me de sant\u00e9 au Qu\u00e9bec Cliquez ici pour acc\u00e9der \u00e0 la fiche d\u2019inscription Notre syst\u00e8me de sant\u00e9 conna\u00eet, depuis plusieurs ann\u00e9es, de profondes transformations. \u00c0 cet effet, il suffit de citer le virage ambulatoire <a class=\"more-link\" href=\"https:\/\/cpm.qc.ca\/intranet\/colloques\/colloque-2002\/\">Lire la suite &#8230;<\/a><\/p>\n","protected":false},"author":2,"featured_media":980,"parent":131,"menu_order":0,"comment_status":"closed","ping_status":"closed","template":"","meta":{"_bbp_topic_count":0,"_bbp_reply_count":0,"_bbp_total_topic_count":0,"_bbp_total_reply_count":0,"_bbp_voice_count":0,"_bbp_anonymous_reply_count":0,"_bbp_topic_count_hidden":0,"_bbp_reply_count_hidden":0,"_bbp_forum_subforum_count":0,"footnotes":""},"class_list":["post-960","page","type-page","status-publish","has-post-thumbnail","hentry"],"_links":{"self":[{"href":"https:\/\/cpm.qc.ca\/intranet\/wp-json\/wp\/v2\/pages\/960","targetHints":{"allow":["GET"]}}],"collection":[{"href":"https:\/\/cpm.qc.ca\/intranet\/wp-json\/wp\/v2\/pages"}],"about":[{"href":"https:\/\/cpm.qc.ca\/intranet\/wp-json\/wp\/v2\/types\/page"}],"author":[{"embeddable":true,"href":"https:\/\/cpm.qc.ca\/intranet\/wp-json\/wp\/v2\/users\/2"}],"replies":[{"embeddable":true,"href":"https:\/\/cpm.qc.ca\/intranet\/wp-json\/wp\/v2\/comments?post=960"}],"version-history":[{"count":9,"href":"https:\/\/cpm.qc.ca\/intranet\/wp-json\/wp\/v2\/pages\/960\/revisions"}],"predecessor-version":[{"id":988,"href":"https:\/\/cpm.qc.ca\/intranet\/wp-json\/wp\/v2\/pages\/960\/revisions\/988"}],"up":[{"embeddable":true,"href":"https:\/\/cpm.qc.ca\/intranet\/wp-json\/wp\/v2\/pages\/131"}],"wp:featuredmedia":[{"embeddable":true,"href":"https:\/\/cpm.qc.ca\/intranet\/wp-json\/wp\/v2\/media\/980"}],"wp:attachment":[{"href":"https:\/\/cpm.qc.ca\/intranet\/wp-json\/wp\/v2\/media?parent=960"}],"curies":[{"name":"wp","href":"https:\/\/api.w.org\/{rel}","templated":true}]}}