{"id":958,"date":"2019-09-15T10:28:11","date_gmt":"2019-09-15T15:28:11","guid":{"rendered":"https:\/\/cpmqcca.mywhc.ca\/intranet\/?page_id=958"},"modified":"2019-09-15T10:56:18","modified_gmt":"2019-09-15T15:56:18","slug":"colloque-2003","status":"publish","type":"page","link":"https:\/\/cpm.qc.ca\/intranet\/colloques\/colloque-2003\/","title":{"rendered":"Colloque 2003"},"content":{"rendered":"\n<h1 class=\"wp-block-heading\">Des usagers en h\u00e9bergement : droit \u00e0 la s\u00e9curit\u00e9, droit au respect<\/h1>\n\n\n\n<ul class=\"wp-block-list\"><li><a rel=\"noreferrer noopener\" aria-label=\"Cliquez ici pour acc\u00e9der \u00e0 la lettre d\u2019invitation (s\u2019ouvre dans un nouvel onglet)\" href=\"https:\/\/cpm.qc.ca\/intranet\/wp-content\/uploads\/sites\/4\/2019\/09\/Invitation-aux-participants-2003.pdf\" target=\"_blank\">Cliquez ici pour acc\u00e9der \u00e0 la lettre d\u2019invitation<\/a><\/li><li><a rel=\"noreferrer noopener\" aria-label=\"Cliquez ici pour acc\u00e9der \u00e0 la fiche d\u2019inscription (s\u2019ouvre dans un nouvel onglet)\" href=\"https:\/\/cpm.qc.ca\/intranet\/wp-content\/uploads\/sites\/4\/2019\/09\/Depliant-programme-2003.pdf\" target=\"_blank\">Cliquez ici pour acc\u00e9der \u00e0 la fiche d\u2019inscription<\/a><\/li><li><a href=\"https:\/\/cpm.qc.ca\/intranet\/wp-content\/uploads\/sites\/4\/2019\/09\/colloque-2003-programme.pdf\" target=\"_blank\" rel=\"noreferrer noopener\" aria-label=\"Cliquez ici pour acc\u00e9der au programme (s\u2019ouvre dans un nouvel onglet)\">Cliquez ici pour acc\u00e9der au programme<\/a><\/li><\/ul>\n\n\n\n<p>L\u2019alourdissement de la client\u00e8le h\u00e9berg\u00e9e et la diminution du\npersonnel font en sorte que les usagers des centres d\u2019h\u00e9bergement vivent sur la\ncorde raide.&nbsp; Jusqu\u2019o\u00f9 une soci\u00e9t\u00e9\nest-elle pr\u00eate \u00e0 aller au nom des compressions budg\u00e9taires&nbsp;?&nbsp; Certainement pas au-del\u00e0 des droits \u00e0 la\ns\u00e9curit\u00e9 et au respect dirons-nous&nbsp;?&nbsp;\nEt pourtant\u2026<\/p>\n\n\n\n<p>Comment les personnes h\u00e9berg\u00e9es peuvent-elles \u00eatre victimes\nd\u2019abus et d\u2019exploitation dans un endroit sens\u00e9 les prot\u00e9ger&nbsp;?&nbsp; Comment peut-on pr\u00e9venir de tels agissements\net comment peut-on les d\u00e9noncer&nbsp;?&nbsp;\nComment rendre s\u00e9curitaire l\u2019environnement dans lequel ces personnes\n\u00e9voluent ? Comment respecter leur consentement et les directives de fin de vie\nqu\u2019elles auront \u00e9nonc\u00e9es&nbsp;?&nbsp; Et puisque\nla plupart des personnes h\u00e9berg\u00e9es y vivront leurs derniers jours, comment les\naider \u00e0 mourir dans la dignit\u00e9&nbsp;?&nbsp;\nVoil\u00e0 le programme que nous vous offrons.&nbsp; Autant de questions, autant de sujets\npassionnants \u00e0 discuter.<\/p>\n\n\n\n<p><\/p>\n\n\n\n<h2 class=\"wp-block-heading\">Nos conf\u00e9renciers invit\u00e9s<\/h2>\n\n\n\n<p><strong>Monsieur Philippe Couillard, ministre de la Sant\u00e9 et des Services Sociaux. Allocution d\u2019ouverture<\/strong>. <em>Les perspectives d\u2019avenir dans les centres d\u2019h\u00e9bergement.<\/em><\/p>\n\n\n\n<p><strong>Monsieur Pierre Boh\u00e9mier, travailleur social.<\/strong> <em>Pr\u00e9vention et abus en h\u00e9bergement de soins de longue dur\u00e9e.<\/em><\/p>\n\n\n\n<p><strong>Madame Constance Leduc, Commission des droits de la personne et des droits de la jeunesse (CDPDJ).<\/strong> <em>Exploitation : personnes \u00e2g\u00e9es et handicap\u00e9es en h\u00e9bergement.<\/em><\/p>\n\n\n\n<p><strong>Monsieur Camille Dolbec, Institut universitaire de g\u00e9riatrie de Sherbrooke.<\/strong> <em>La s\u00e9curit\u00e9 de l\u2019environnement en h\u00e9bergement.<\/em><\/p>\n\n\n\n<p><strong>Madame Suzanne Philips-Nootens, professeure, Universit\u00e9 de Sherbrooke, Facult\u00e9 de droit.<\/strong> <em>Le concept de consentement en h\u00e9bergement.<\/em><\/p>\n\n\n\n<p><strong>Madame Johanne de Montigny, psychologue.<\/strong> <em>Mourir dans la dignit\u00e9.<\/em><\/p>\n\n\n\n<p><strong>Me Danielle Chalifoux, avocate.<\/strong> <em>Les directives de fin de vie.<\/em><\/p>\n\n\n\n<p><strong>L\u2019honorable Lise Thibault, Lieutenant-gouverneur du Qu\u00e9bec. <\/strong>O<em>\u00f9 la souffrance et la richesse coexistent.<\/em><\/p>\n","protected":false},"excerpt":{"rendered":"<p>Des usagers en h\u00e9bergement : droit \u00e0 la s\u00e9curit\u00e9, droit au respect Cliquez ici pour acc\u00e9der \u00e0 la lettre d\u2019invitation Cliquez ici pour acc\u00e9der \u00e0 la fiche d\u2019inscription Cliquez ici pour acc\u00e9der au programme L\u2019alourdissement de la client\u00e8le h\u00e9berg\u00e9e et <a class=\"more-link\" href=\"https:\/\/cpm.qc.ca\/intranet\/colloques\/colloque-2003\/\">Lire la suite &#8230;<\/a><\/p>\n","protected":false},"author":2,"featured_media":970,"parent":131,"menu_order":0,"comment_status":"closed","ping_status":"closed","template":"","meta":{"_bbp_topic_count":0,"_bbp_reply_count":0,"_bbp_total_topic_count":0,"_bbp_total_reply_count":0,"_bbp_voice_count":0,"_bbp_anonymous_reply_count":0,"_bbp_topic_count_hidden":0,"_bbp_reply_count_hidden":0,"_bbp_forum_subforum_count":0,"footnotes":""},"class_list":["post-958","page","type-page","status-publish","has-post-thumbnail","hentry"],"_links":{"self":[{"href":"https:\/\/cpm.qc.ca\/intranet\/wp-json\/wp\/v2\/pages\/958","targetHints":{"allow":["GET"]}}],"collection":[{"href":"https:\/\/cpm.qc.ca\/intranet\/wp-json\/wp\/v2\/pages"}],"about":[{"href":"https:\/\/cpm.qc.ca\/intranet\/wp-json\/wp\/v2\/types\/page"}],"author":[{"embeddable":true,"href":"https:\/\/cpm.qc.ca\/intranet\/wp-json\/wp\/v2\/users\/2"}],"replies":[{"embeddable":true,"href":"https:\/\/cpm.qc.ca\/intranet\/wp-json\/wp\/v2\/comments?post=958"}],"version-history":[{"count":9,"href":"https:\/\/cpm.qc.ca\/intranet\/wp-json\/wp\/v2\/pages\/958\/revisions"}],"predecessor-version":[{"id":977,"href":"https:\/\/cpm.qc.ca\/intranet\/wp-json\/wp\/v2\/pages\/958\/revisions\/977"}],"up":[{"embeddable":true,"href":"https:\/\/cpm.qc.ca\/intranet\/wp-json\/wp\/v2\/pages\/131"}],"wp:featuredmedia":[{"embeddable":true,"href":"https:\/\/cpm.qc.ca\/intranet\/wp-json\/wp\/v2\/media\/970"}],"wp:attachment":[{"href":"https:\/\/cpm.qc.ca\/intranet\/wp-json\/wp\/v2\/media?parent=958"}],"curies":[{"name":"wp","href":"https:\/\/api.w.org\/{rel}","templated":true}]}}