{"id":941,"date":"2019-09-15T09:57:02","date_gmt":"2019-09-15T14:57:02","guid":{"rendered":"https:\/\/cpmqcca.mywhc.ca\/intranet\/?page_id=941"},"modified":"2019-09-15T10:26:54","modified_gmt":"2019-09-15T15:26:54","slug":"colloque-2004","status":"publish","type":"page","link":"https:\/\/cpm.qc.ca\/intranet\/colloques\/colloque-2004\/","title":{"rendered":"Colloque 2004"},"content":{"rendered":"\n<h1 class=\"wp-block-heading\">La protection des personnes vuln\u00e9rables : d\u00e9fis et enjeux<\/h1>\n\n\n\n<ul class=\"wp-block-list\"><li><a href=\"https:\/\/cpm.qc.ca\/intranet\/wp-content\/uploads\/sites\/4\/2019\/09\/Colloque-2004-Invitation-aux-participants.pdf\" target=\"_blank\" rel=\"noreferrer noopener\" aria-label=\"Cliquez ici pour acc\u00e9der \u00e0 la lettre d\u2019invitation (s\u2019ouvre dans un nouvel onglet)\">Cliquez ici pour acc\u00e9der \u00e0 la lettre d\u2019invitation<\/a><\/li><li><a rel=\"noreferrer noopener\" aria-label=\"Cliquez ici pour acc\u00e9der \u00e0 la fiche d\u2019inscription (s\u2019ouvre dans un nouvel onglet)\" href=\"https:\/\/cpm.qc.ca\/intranet\/wp-content\/uploads\/sites\/4\/2019\/09\/Depliant-programme-2004.pdf\" target=\"_blank\">Cliquez ici pour acc\u00e9der \u00e0 la fiche d\u2019inscription<\/a><\/li><li><a rel=\"noreferrer noopener\" aria-label=\"Cliquez ici pour acc\u00e9der au programme (s\u2019ouvre dans un nouvel onglet)\" href=\"https:\/\/cpm.qc.ca\/intranet\/wp-content\/uploads\/sites\/4\/2019\/09\/colloque-2004-programme.pdf\" target=\"_blank\">Cliquez ici pour acc\u00e9der au programme<\/a><\/li><\/ul>\n\n\n\n<p>La\nprotection des personnes vuln\u00e9rables est une pr\u00e9occupation constante pour notre\nsyst\u00e8me de sant\u00e9. Gr\u00e2ce aux perc\u00e9es scientifiques, nous vivons de plus en plus\nvieux mais non sans inqui\u00e9tude.<\/p>\n\n\n\n<p>Est-ce\nque l\u2019\u00c9tat saura nous prot\u00e9ger et nous assurer des services de qualit\u00e9?\nY-aura-t-il des ressources affect\u00e9es pour prendre soins de nous? Comment\nassurer le respect de nos droits quand nous aurons perdu notre autonomie?\nExiste-t-il un droit \u00e0 la protection des personnes vuln\u00e9rables? Pourrons- nous\nvivre dans un milieu de vie adapt\u00e9 \u00e0 nos besoins? <\/p>\n\n\n\n<p>Voil\u00e0\nautant de questions auxquelles ce colloque tentera de r\u00e9pondre. Il se veut un\nmoment de r\u00e9flexion collective en regard des personnes soit \u00e2g\u00e9es,\npsychiatris\u00e9es et\/ou handicap\u00e9es qui doivent compter sur nous pour assurer le\nrespect de leur dignit\u00e9. <\/p>\n\n\n\n<p><\/p>\n\n\n\n<h2 class=\"wp-block-heading\">Nos conf\u00e9renciers invit\u00e9s <\/h2>\n\n\n\n<p><strong>Monsieur Philippe Couillard, ministre de la Sant\u00e9 et des Services Sociaux. <\/strong><em>La responsabilit\u00e9 du minist\u00e8re de la sant\u00e9 d\u2019assurer des services de qualit\u00e9.<\/em><\/p>\n\n\n\n<p><strong>Madame Nathalie Ross, directrice g\u00e9n\u00e9rale, Soci\u00e9t\u00e9 Alzheimer. <\/strong><em>Plaidoyer pour la personne atteinte de la maladie d\u2019Alzheimer.<\/em><\/p>\n\n\n\n<p>D<strong>octeur Jean-Bernard Trudeau,\u00a0 directeur, services professionnels et hospitaliers, H\u00f4pital Douglas.<\/strong> <em>D\u00e9mystifier la psychiatrie en h\u00e9bergement.<\/em><\/p>\n\n\n\n<p><strong>Madame Anne Monat, ergoth\u00e9rapeute, experte-conseil. Une solution innovatrice.<\/strong> <em>L\u2019approche proth\u00e9tique \u00e9largie.<\/em><\/p>\n\n\n\n<p><strong>Madame Lise Denis, Protectrice des usagers<\/strong>. <em>Rencontre avec la Protectrice des usagers.<\/em><\/p>\n\n\n\n<p><strong>Ma\u00eetre Patrick Molinari, avocat sp\u00e9cialiste en droit de la sant\u00e9, Heenan Blaikie.<\/strong> <em>Le devoir de protection des \u00e9tablissements : la vision des tribunaux.<\/em><\/p>\n","protected":false},"excerpt":{"rendered":"<p>La protection des personnes vuln\u00e9rables : d\u00e9fis et enjeux Cliquez ici pour acc\u00e9der \u00e0 la lettre d\u2019invitation Cliquez ici pour acc\u00e9der \u00e0 la fiche d\u2019inscription Cliquez ici pour acc\u00e9der au programme La protection des personnes vuln\u00e9rables est une pr\u00e9occupation constante <a class=\"more-link\" href=\"https:\/\/cpm.qc.ca\/intranet\/colloques\/colloque-2004\/\">Lire la suite &#8230;<\/a><\/p>\n","protected":false},"author":2,"featured_media":949,"parent":131,"menu_order":0,"comment_status":"closed","ping_status":"closed","template":"","meta":{"_bbp_topic_count":0,"_bbp_reply_count":0,"_bbp_total_topic_count":0,"_bbp_total_reply_count":0,"_bbp_voice_count":0,"_bbp_anonymous_reply_count":0,"_bbp_topic_count_hidden":0,"_bbp_reply_count_hidden":0,"_bbp_forum_subforum_count":0,"footnotes":""},"class_list":["post-941","page","type-page","status-publish","has-post-thumbnail","hentry"],"_links":{"self":[{"href":"https:\/\/cpm.qc.ca\/intranet\/wp-json\/wp\/v2\/pages\/941","targetHints":{"allow":["GET"]}}],"collection":[{"href":"https:\/\/cpm.qc.ca\/intranet\/wp-json\/wp\/v2\/pages"}],"about":[{"href":"https:\/\/cpm.qc.ca\/intranet\/wp-json\/wp\/v2\/types\/page"}],"author":[{"embeddable":true,"href":"https:\/\/cpm.qc.ca\/intranet\/wp-json\/wp\/v2\/users\/2"}],"replies":[{"embeddable":true,"href":"https:\/\/cpm.qc.ca\/intranet\/wp-json\/wp\/v2\/comments?post=941"}],"version-history":[{"count":10,"href":"https:\/\/cpm.qc.ca\/intranet\/wp-json\/wp\/v2\/pages\/941\/revisions"}],"predecessor-version":[{"id":957,"href":"https:\/\/cpm.qc.ca\/intranet\/wp-json\/wp\/v2\/pages\/941\/revisions\/957"}],"up":[{"embeddable":true,"href":"https:\/\/cpm.qc.ca\/intranet\/wp-json\/wp\/v2\/pages\/131"}],"wp:featuredmedia":[{"embeddable":true,"href":"https:\/\/cpm.qc.ca\/intranet\/wp-json\/wp\/v2\/media\/949"}],"wp:attachment":[{"href":"https:\/\/cpm.qc.ca\/intranet\/wp-json\/wp\/v2\/media?parent=941"}],"curies":[{"name":"wp","href":"https:\/\/api.w.org\/{rel}","templated":true}]}}