{"id":898,"date":"2019-09-15T08:27:22","date_gmt":"2019-09-15T13:27:22","guid":{"rendered":"https:\/\/cpmqcca.mywhc.ca\/intranet\/?page_id=898"},"modified":"2019-09-15T09:15:07","modified_gmt":"2019-09-15T14:15:07","slug":"colloque-2006","status":"publish","type":"page","link":"https:\/\/cpm.qc.ca\/intranet\/colloques\/colloque-2006\/","title":{"rendered":"Colloque 2006"},"content":{"rendered":"\n<h1 class=\"wp-block-heading\">Points de vue sur l\u2019humanisation des soins de sant\u00e9 <\/h1>\n\n\n\n<ul class=\"wp-block-list\"><li><a href=\"https:\/\/cpm.qc.ca\/intranet\/wp-content\/uploads\/sites\/4\/2019\/09\/Lettre-invitation-2006-1.pdf\" target=\"_blank\" rel=\"noreferrer noopener\" aria-label=\"Cliquez ici pour acc\u00e9der \u00e0 la lettre d\u2019invitation (s\u2019ouvre dans un nouvel onglet)\">Cliquez ici pour acc\u00e9der \u00e0 la lettre d\u2019invitation<\/a><\/li><li><a rel=\"noreferrer noopener\" href=\"https:\/\/cpm.qc.ca\/intranet\/wp-content\/uploads\/sites\/4\/2019\/09\/Communiquer-de-presse-2009.pdf\" target=\"_blank\">Cliquez ici pour acc\u00e9der au communiquer de presse<\/a><\/li><li><a rel=\"noreferrer noopener\" aria-label=\"Cliquez ici pour acc\u00e9der \u00e0 la fiche d\u2019inscription (s\u2019ouvre dans un nouvel onglet)\" href=\"https:\/\/cpm.qc.ca\/intranet\/wp-content\/uploads\/sites\/4\/2019\/09\/D\u00e9pliant-programme-2006.pdf\" target=\"_blank\">Cliquez ici pour acc\u00e9der \u00e0 la fiche d\u2019inscription<\/a><\/li><li><a rel=\"noreferrer noopener\" aria-label=\"Cliquez ici pour acc\u00e9der au programme (s\u2019ouvre dans un nouvel onglet)\" href=\"https:\/\/cpm.qc.ca\/intranet\/wp-content\/uploads\/sites\/4\/2019\/09\/Programme-2006.pdf\" target=\"_blank\">Cliquez ici pour acc\u00e9der au programme<\/a><\/li><\/ul>\n\n\n\n<p>Il nous fait plaisir de vous inviter, pour une cinqui\u00e8me ann\u00e9e cons\u00e9cutive, au colloque du Conseil pour la protection des malades qui aura lieu le 16 octobre 2006 \u00e0 l\u2019h\u00f4tel Hilton, \u00e0 Qu\u00e9bec. Comme vous le constaterez, cette ann\u00e9e encore, des invit\u00e9s de marque et une journ\u00e9e charg\u00e9e sont au programme.<\/p>\n\n\n\n<p>Ayant pour th\u00e8me \u00ab Points de vue sur l\u2019humanisation des soins de sant\u00e9 \u00bb , ce colloque tentera de d\u00e9gager les points de vue de diff\u00e9rents sp\u00e9cialistes afin de permettre aux congressistes d\u2019enrichir leur r\u00e9flexion sur l\u2019humanisation des soins de sant\u00e9 dans le contexte actuel.<\/p>\n\n\n\n<p class=\"has-large-font-size\">Nos conf\u00e9renciers invit\u00e9s: <\/p>\n\n\n\n<p><strong>Monsieur Philippe Couillard, ministre de la Sant\u00e9 et des Services Sociaux. <\/strong><em>Quelle place accorde le minist\u00e8re de la Sant\u00e9 et des Services sociaux \u00e0 l\u2019humanisation des soins ?<\/em><\/p>\n\n\n\n<p><strong>Madame Nicole Poirier, Directrice Maison Carpe Diem.<\/strong> <em>Une approche bas\u00e9e sur l\u2019humanisation.<\/em><\/p>\n\n\n\n<p><strong>Dr Jean-Marc Bigonnesse, sp\u00e9cialiste en soins palliatifs, Centre hospitalier universitaire de Sherbrooke.<\/strong> <em>La dignit\u00e9 toujours.<\/em><\/p>\n\n\n\n<p><strong>Monsieur Raymond Lemieux, sociologue. Directeur de la chaire religion, spiritualit\u00e9 et sant\u00e9 de l\u2019Universit\u00e9 Laval. Spiritualit\u00e9 et humanisation des soins<\/strong>. <em>quelle place y accorder dans notre syst\u00e8me de sant\u00e9 ?<\/em><\/p>\n\n\n\n<p><strong>Me Martyne-Isabel Forest, sp\u00e9cialiste du droit et de l\u2019\u00e9thique de la sant\u00e9, Responsable du Certificat de formation continue en \u00e9thique clinique, Universit\u00e9 de Gen\u00e8ve, Suisse.<\/strong> <em>Quand le sentier de la vertu devient une course \u00e0 obstacles !<\/em><\/p>\n\n\n\n<p><strong>L\u2019honorable Mich\u00e8le Rivet, pr\u00e9sidente, Tribunal des droits de la personne.<\/strong> <em>Le respect des droits fondamentaux<\/em>.<\/p>\n\n\n\n<p><strong>Monsieur Jean-Marc Chaput, conf\u00e9rencier professionnel.<\/strong> <em>\u00c0 vous le contr\u00f4le<\/em><\/p>\n\n\n\n<p><\/p>\n","protected":false},"excerpt":{"rendered":"<p>Points de vue sur l\u2019humanisation des soins de sant\u00e9 Cliquez ici pour acc\u00e9der \u00e0 la lettre d\u2019invitation Cliquez ici pour acc\u00e9der au communiquer de presse Cliquez ici pour acc\u00e9der \u00e0 la fiche d\u2019inscription Cliquez ici pour acc\u00e9der au programme Il <a class=\"more-link\" href=\"https:\/\/cpm.qc.ca\/intranet\/colloques\/colloque-2006\/\">Lire la suite &#8230;<\/a><\/p>\n","protected":false},"author":2,"featured_media":911,"parent":131,"menu_order":0,"comment_status":"closed","ping_status":"closed","template":"","meta":{"_bbp_topic_count":0,"_bbp_reply_count":0,"_bbp_total_topic_count":0,"_bbp_total_reply_count":0,"_bbp_voice_count":0,"_bbp_anonymous_reply_count":0,"_bbp_topic_count_hidden":0,"_bbp_reply_count_hidden":0,"_bbp_forum_subforum_count":0,"footnotes":""},"class_list":["post-898","page","type-page","status-publish","has-post-thumbnail","hentry"],"_links":{"self":[{"href":"https:\/\/cpm.qc.ca\/intranet\/wp-json\/wp\/v2\/pages\/898","targetHints":{"allow":["GET"]}}],"collection":[{"href":"https:\/\/cpm.qc.ca\/intranet\/wp-json\/wp\/v2\/pages"}],"about":[{"href":"https:\/\/cpm.qc.ca\/intranet\/wp-json\/wp\/v2\/types\/page"}],"author":[{"embeddable":true,"href":"https:\/\/cpm.qc.ca\/intranet\/wp-json\/wp\/v2\/users\/2"}],"replies":[{"embeddable":true,"href":"https:\/\/cpm.qc.ca\/intranet\/wp-json\/wp\/v2\/comments?post=898"}],"version-history":[{"count":12,"href":"https:\/\/cpm.qc.ca\/intranet\/wp-json\/wp\/v2\/pages\/898\/revisions"}],"predecessor-version":[{"id":920,"href":"https:\/\/cpm.qc.ca\/intranet\/wp-json\/wp\/v2\/pages\/898\/revisions\/920"}],"up":[{"embeddable":true,"href":"https:\/\/cpm.qc.ca\/intranet\/wp-json\/wp\/v2\/pages\/131"}],"wp:featuredmedia":[{"embeddable":true,"href":"https:\/\/cpm.qc.ca\/intranet\/wp-json\/wp\/v2\/media\/911"}],"wp:attachment":[{"href":"https:\/\/cpm.qc.ca\/intranet\/wp-json\/wp\/v2\/media?parent=898"}],"curies":[{"name":"wp","href":"https:\/\/api.w.org\/{rel}","templated":true}]}}