{"id":882,"date":"2019-09-15T07:48:15","date_gmt":"2019-09-15T12:48:15","guid":{"rendered":"https:\/\/cpmqcca.mywhc.ca\/intranet\/?page_id=882"},"modified":"2019-09-15T09:02:48","modified_gmt":"2019-09-15T14:02:48","slug":"colloque-2007","status":"publish","type":"page","link":"https:\/\/cpm.qc.ca\/intranet\/colloques\/colloque-2007\/","title":{"rendered":"Colloque 2007"},"content":{"rendered":"\n<h1 class=\"wp-block-heading\">L\u2019accompagnement en fin de vie<\/h1>\n\n\n\n<ul class=\"wp-block-list\"><li><a rel=\"noreferrer noopener\" aria-label=\"Cliquez ici pour acc\u00e9der \u00e0 la lettre d\u2019invitation (s\u2019ouvre dans un nouvel onglet)\" href=\"https:\/\/cpm.qc.ca\/intranet\/wp-content\/uploads\/sites\/4\/2019\/09\/Lettre-invitation-2007.pdf\" target=\"_blank\">Cliquez ici pour acc\u00e9der \u00e0 la lettre d\u2019invitation<\/a><\/li><li><a rel=\"noreferrer noopener\" aria-label=\"Cliquez ici pour acc\u00e9der au communiquer de presse (s\u2019ouvre dans un nouvel onglet)\" href=\"https:\/\/cpm.qc.ca\/intranet\/wp-content\/uploads\/sites\/4\/2019\/09\/Communiquer-de-presse-2007.pdf\" target=\"_blank\">Cliquez ici pour acc\u00e9der au communiquer de presse<\/a><\/li><li><a rel=\"noreferrer noopener\" aria-label=\"Cliquez ici pour acc\u00e9der \u00e0 la fiche d\u2019inscription (s\u2019ouvre dans un nouvel onglet)\" href=\"https:\/\/cpm.qc.ca\/intranet\/wp-content\/uploads\/sites\/4\/2019\/09\/Depliant-programme-2007.pdf\" target=\"_blank\">Cliquez ici pour acc\u00e9der \u00e0 la fiche d\u2019inscription<\/a><\/li><\/ul>\n\n\n\n<p>Nous avons eu un r\u00e9el plaisir \u00e0 travailler avec vous pour la r\u00e9alisation du mandat confi\u00e9 par le Minist\u00e8re de la Sant\u00e9 et des Services sociaux du Qu\u00e9bec dans le cadre des visites d\u2019appr\u00e9ciation de la qualit\u00e9 de vie assur\u00e9e aux personnes h\u00e9berg\u00e9es dans les Centres d\u2019h\u00e9bergement et de soins de longue dur\u00e9e CHSLD.<\/p>\n\n\n\n<p>Nous serons honor\u00e9s de vous rencontrer de nouveau, \u00e0 l\u2019occasion du 6e colloque annuel du Conseil pour la Protection des Malades, ayant pour th\u00e8me \u00ab L\u2019accompagnement en fin de vie \u00bb, qui aura lieu mardi le 9 octobre 2007 \u00e0 l\u2019H\u00f4tel des Seigneurs, \u00e0 Saint-Hyacinthe.<\/p>\n\n\n\n<h2 class=\"wp-block-heading\">Nos conf\u00e9renciers invit\u00e9s: <\/h2>\n\n\n\n<p><strong>M. Philippe Couillard, ministre de la Sant\u00e9 et des Services Sociaux, Gouvernement du Qu\u00e9bec<\/strong>. <em>Politique sur les soins palliatifs en fin de vie.<\/em><\/p>\n\n\n\n<p><strong>Dr Louise Passerini, Chef, d\u00e9partement de m\u00e9decine, H\u00f4pital Charles-LeMoyne et Bio\u00e9thicienne. <\/strong><em>L\u2019art de bien mourir.<\/em><\/p>\n\n\n\n<p><strong>Dr Patrick Vinay, Unit\u00e9 de soins palliatifs, H\u00f4pital Notre-Dame, CHUM.<\/strong> <em>Que faire avec la vie qui reste ? Le m\u00e9decin face \u00e0 son devoir d\u2019humanit\u00e9.<\/em><\/p>\n\n\n\n<p><strong>Mme Chlo\u00e9 Sainte-Marie, Artiste professionnelle et aidante naturelle.<\/strong> <em>L\u2019accompagnement en fin de vie : d\u2019abord, une affaire de c\u0153ur.<\/em><\/p>\n\n\n\n<p><strong>Mme Maryse Savoie, Directrice adjointe des soins infirmiers, H\u00f4pital Sainte-Anne. <\/strong><em>Quand les mythes font obstacle \u00e0 notre responsabilit\u00e9 de soulager la douleur.<\/em><\/p>\n\n\n\n<p><strong>Mme Marie-Claude Raymond, pr\u00e9sidente directrice g\u00e9n\u00e9rale, Institut Gineste-Marescotti (Canada).<\/strong> <em>L\u2019Humanitude dans le soin.<\/em><\/p>\n\n\n\n<p><strong>M. l\u2019abb\u00e9 Gilles Nadeau, Responsable du Service de pastorale, Maison Michel-Sarrazin. <\/strong><em>L\u2019exp\u00e9rience spirituelle de la personne face \u00e0 la mort<\/em><\/p>\n","protected":false},"excerpt":{"rendered":"<p>L\u2019accompagnement en fin de vie Cliquez ici pour acc\u00e9der \u00e0 la lettre d\u2019invitation Cliquez ici pour acc\u00e9der au communiquer de presse Cliquez ici pour acc\u00e9der \u00e0 la fiche d\u2019inscription Nous avons eu un r\u00e9el plaisir \u00e0 travailler avec vous pour <a class=\"more-link\" href=\"https:\/\/cpm.qc.ca\/intranet\/colloques\/colloque-2007\/\">Lire la suite &#8230;<\/a><\/p>\n","protected":false},"author":2,"featured_media":895,"parent":131,"menu_order":0,"comment_status":"closed","ping_status":"closed","template":"","meta":{"_bbp_topic_count":0,"_bbp_reply_count":0,"_bbp_total_topic_count":0,"_bbp_total_reply_count":0,"_bbp_voice_count":0,"_bbp_anonymous_reply_count":0,"_bbp_topic_count_hidden":0,"_bbp_reply_count_hidden":0,"_bbp_forum_subforum_count":0,"footnotes":""},"class_list":["post-882","page","type-page","status-publish","has-post-thumbnail","hentry"],"_links":{"self":[{"href":"https:\/\/cpm.qc.ca\/intranet\/wp-json\/wp\/v2\/pages\/882","targetHints":{"allow":["GET"]}}],"collection":[{"href":"https:\/\/cpm.qc.ca\/intranet\/wp-json\/wp\/v2\/pages"}],"about":[{"href":"https:\/\/cpm.qc.ca\/intranet\/wp-json\/wp\/v2\/types\/page"}],"author":[{"embeddable":true,"href":"https:\/\/cpm.qc.ca\/intranet\/wp-json\/wp\/v2\/users\/2"}],"replies":[{"embeddable":true,"href":"https:\/\/cpm.qc.ca\/intranet\/wp-json\/wp\/v2\/comments?post=882"}],"version-history":[{"count":10,"href":"https:\/\/cpm.qc.ca\/intranet\/wp-json\/wp\/v2\/pages\/882\/revisions"}],"predecessor-version":[{"id":910,"href":"https:\/\/cpm.qc.ca\/intranet\/wp-json\/wp\/v2\/pages\/882\/revisions\/910"}],"up":[{"embeddable":true,"href":"https:\/\/cpm.qc.ca\/intranet\/wp-json\/wp\/v2\/pages\/131"}],"wp:featuredmedia":[{"embeddable":true,"href":"https:\/\/cpm.qc.ca\/intranet\/wp-json\/wp\/v2\/media\/895"}],"wp:attachment":[{"href":"https:\/\/cpm.qc.ca\/intranet\/wp-json\/wp\/v2\/media?parent=882"}],"curies":[{"name":"wp","href":"https:\/\/api.w.org\/{rel}","templated":true}]}}