{"id":862,"date":"2019-09-15T06:40:03","date_gmt":"2019-09-15T11:40:03","guid":{"rendered":"https:\/\/cpmqcca.mywhc.ca\/intranet\/?page_id=862"},"modified":"2019-09-16T05:04:00","modified_gmt":"2019-09-16T10:04:00","slug":"colloque-2008","status":"publish","type":"page","link":"https:\/\/cpm.qc.ca\/intranet\/colloques\/colloque-2008\/","title":{"rendered":"Colloque 2008"},"content":{"rendered":"\n<h1 class=\"wp-block-heading\">Les comit\u00e9s des usagers et de r\u00e9sidents: d\u00e9fis et pistes de solutions<\/h1>\n\n\n\n<ul class=\"wp-block-list\"><li><a href=\"https:\/\/cpm.qc.ca\/intranet\/wp-content\/uploads\/sites\/4\/2019\/09\/Lettre-invitation-2008.pdf\" target=\"_blank\" rel=\"noreferrer noopener\" aria-label=\"Cliquez ici pour acc\u00e9der ;a la lettre d'invitation (s\u2019ouvre dans un nouvel onglet)\">Cliquez ici pour acc\u00e9der ;a la lettre d&rsquo;invitation<\/a><\/li><li><a rel=\"noreferrer noopener\" aria-label=\"Cliquez ici pour acc\u00e9der \u00e0 la fiche d\u2019inscription (s\u2019ouvre dans un nouvel onglet)\" href=\"https:\/\/cpm.qc.ca\/intranet\/wp-content\/uploads\/sites\/4\/2019\/09\/Depliant-2008.pdf\" target=\"_blank\">Cliquez ici pour acc\u00e9der \u00e0 la fiche d\u2019inscription<\/a><\/li><li><a rel=\"noreferrer noopener\" aria-label=\"Cliquez ici pour acc\u00e9der au prix Claude Brunet (s\u2019ouvre dans un nouvel onglet)\" href=\"https:\/\/cpm.qc.ca\/intranet\/wp-content\/uploads\/sites\/4\/2019\/09\/Prix-Claude-Brunet-2008.pdf\" target=\"_blank\">Cliquez ici pour acc\u00e9der au prix Claude Brunet<\/a><\/li><\/ul>\n\n\n\n<p>Pour une septi\u00e8me ann\u00e9e cons\u00e9cutive, le\nConseil&nbsp; pour la protection des malades\n(CPM) est heureux d\u2019annoncer la tenue de son colloque annuel, le 21 octobre\nprochain, dans la ville de Qu\u00e9bec, \u00e0 l\u2019h\u00f4tel Hilton. <\/p>\n\n\n\n<p>Cet \u00e9v\u00e9nement portera sur le th\u00e8me <strong><em>\u00ab Les\ncomit\u00e9s des usagers et de r\u00e9sidents&nbsp;: d\u00e9fis et pistes de solutions \u00bb.<\/em><\/strong><\/p>\n\n\n\n<p>Cette ann\u00e9e, le CPM souhaite offrir \u00e0 ses\ncomit\u00e9s des usagers et de r\u00e9sidents affili\u00e9s et&nbsp;&nbsp; \u00e0 tous les \u00e9tablissements d\u2019h\u00e9bergement et\nde soins de longue dur\u00e9e, des pistes de r\u00e9flexion et des outils, afin de\npallier les obstacles auxquels ils sont confront\u00e9s.&nbsp; Les membres des familles et les b\u00e9n\u00e9voles\nsont les bienvenus, un tarif sp\u00e9cial est pr\u00e9vu \u00e0 cet effet. <\/p>\n\n\n\n<p><\/p>\n\n\n\n<h2 class=\"wp-block-heading\">Nos conf\u00e9renciers invit\u00e9s:<\/h2>\n\n\n\n<p><strong>Monsieur Philippe Couillard, Ministre de la Sant\u00e9 et des Services Sociaux<\/strong>. Quelle place accorde le Minist\u00e8re de la Sant\u00e9 et des Services sociaux \u00e0 l\u2019humanisation des soins de sant\u00e9 ? <\/p>\n\n\n\n<p><strong>Monsieur Philippe Couillard, Ministre de la Sant\u00e9 et des Services Sociaux<\/strong>. Quelle place accorde le Minist\u00e8re de la Sant\u00e9 et des Services sociaux \u00e0 l\u2019humanisation des soins de sant\u00e9 ? <\/p>\n\n\n\n<p><strong>Madame Nicole Poirier, Directrice Maison Carpe Diem<\/strong>. Une approche bas\u00e9e sur l\u2019humanisation.<\/p>\n\n\n\n<p><strong>Docteur Jean-Marc Bigonnesse,&nbsp; M\u00e9decin en soins palliatifs \u00e0 la Maison Aube-Lumi\u00e8re<\/strong>. La dignit\u00e9 toujours.<\/p>\n\n\n\n<p><strong>Monsieur Raymond Lemieux, Sociologue et Directeur de la chaire religion, spiritualit\u00e9 et sant\u00e9 de l\u2019Universit\u00e9 Laval Spiritualit\u00e9 et humanisation des soins<\/strong>. quelle place y accorder ?&nbsp;: <\/p>\n\n\n\n<p><strong>Ma\u00eetre Martyne-Isabel Forest, sp\u00e9cialiste du droit et de l\u2019\u00e9thique de la sant\u00e9, Universit\u00e9 de Gen\u00e8ve, Suisse<\/strong>. Quand le sentier de la vertu devient une course \u00e0 obstacles !<\/p>\n\n\n\n<p><strong>L\u2019honorable Mich\u00e8le Rivet, Juge et Pr\u00e9sidente du Tribunal des droits de la personne. <\/strong>Le respect des droits fondamentaux&nbsp;: <\/p>\n\n\n\n<p><strong>Monsieur Jean-Marc Chaput, Conf\u00e9rencier professionnel.<\/strong>  \u00c0 vous le contr\u00f4le.<\/p>\n","protected":false},"excerpt":{"rendered":"<p>Les comit\u00e9s des usagers et de r\u00e9sidents: d\u00e9fis et pistes de solutions Cliquez ici pour acc\u00e9der ;a la lettre d&rsquo;invitation Cliquez ici pour acc\u00e9der \u00e0 la fiche d\u2019inscription Cliquez ici pour acc\u00e9der au prix Claude Brunet Pour une septi\u00e8me ann\u00e9e <a class=\"more-link\" href=\"https:\/\/cpm.qc.ca\/intranet\/colloques\/colloque-2008\/\">Lire la suite &#8230;<\/a><\/p>\n","protected":false},"author":2,"featured_media":866,"parent":131,"menu_order":0,"comment_status":"closed","ping_status":"closed","template":"","meta":{"_bbp_topic_count":0,"_bbp_reply_count":0,"_bbp_total_topic_count":0,"_bbp_total_reply_count":0,"_bbp_voice_count":0,"_bbp_anonymous_reply_count":0,"_bbp_topic_count_hidden":0,"_bbp_reply_count_hidden":0,"_bbp_forum_subforum_count":0,"footnotes":""},"class_list":["post-862","page","type-page","status-publish","has-post-thumbnail","hentry"],"_links":{"self":[{"href":"https:\/\/cpm.qc.ca\/intranet\/wp-json\/wp\/v2\/pages\/862","targetHints":{"allow":["GET"]}}],"collection":[{"href":"https:\/\/cpm.qc.ca\/intranet\/wp-json\/wp\/v2\/pages"}],"about":[{"href":"https:\/\/cpm.qc.ca\/intranet\/wp-json\/wp\/v2\/types\/page"}],"author":[{"embeddable":true,"href":"https:\/\/cpm.qc.ca\/intranet\/wp-json\/wp\/v2\/users\/2"}],"replies":[{"embeddable":true,"href":"https:\/\/cpm.qc.ca\/intranet\/wp-json\/wp\/v2\/comments?post=862"}],"version-history":[{"count":16,"href":"https:\/\/cpm.qc.ca\/intranet\/wp-json\/wp\/v2\/pages\/862\/revisions"}],"predecessor-version":[{"id":1004,"href":"https:\/\/cpm.qc.ca\/intranet\/wp-json\/wp\/v2\/pages\/862\/revisions\/1004"}],"up":[{"embeddable":true,"href":"https:\/\/cpm.qc.ca\/intranet\/wp-json\/wp\/v2\/pages\/131"}],"wp:featuredmedia":[{"embeddable":true,"href":"https:\/\/cpm.qc.ca\/intranet\/wp-json\/wp\/v2\/media\/866"}],"wp:attachment":[{"href":"https:\/\/cpm.qc.ca\/intranet\/wp-json\/wp\/v2\/media?parent=862"}],"curies":[{"name":"wp","href":"https:\/\/api.w.org\/{rel}","templated":true}]}}