{"id":784,"date":"2019-09-14T21:07:23","date_gmt":"2019-09-15T02:07:23","guid":{"rendered":"https:\/\/cpmqcca.mywhc.ca\/intranet\/?page_id=784"},"modified":"2019-09-14T22:19:18","modified_gmt":"2019-09-15T03:19:18","slug":"colloque-2011","status":"publish","type":"page","link":"https:\/\/cpm.qc.ca\/intranet\/colloques\/colloque-2011\/","title":{"rendered":"Colloque 2011"},"content":{"rendered":"\n<h1 class=\"wp-block-heading\">Maximiser les ressources pour une meilleure gestion de la maladie chronique et de l&rsquo;alzheimer<\/h1>\n\n\n\n<ul class=\"wp-block-list\"><li><a href=\"https:\/\/cpm.qc.ca\/intranet\/wp-content\/uploads\/sites\/4\/2019\/09\/Lettre-dinvitation-2011.pdf\" target=\"_blank\" rel=\"noreferrer noopener\" aria-label=\"Cliquez ici pour acc\u00e9der \u00e0 la lettre d\u2019invitation (s\u2019ouvre dans un nouvel onglet)\">Cliquez ici pour acc\u00e9der \u00e0 la lettre d\u2019invitation<\/a><\/li><li><a rel=\"noreferrer noopener\" aria-label=\"Cliquez ici pour acc\u00e9der \u00e0 la fiche d\u2019inscription (s\u2019ouvre dans un nouvel onglet)\" href=\"https:\/\/cpm.qc.ca\/intranet\/wp-content\/uploads\/sites\/4\/2019\/09\/Programme-et-inscription-2011.pdf\" target=\"_blank\">Cliquez ici pour acc\u00e9der \u00e0 la fiche d\u2019inscription<\/a><\/li><li><a rel=\"noreferrer noopener\" aria-label=\"Cliquez ici pour acc\u00e9der au cahier du participant (s\u2019ouvre dans un nouvel onglet)\" href=\"https:\/\/cpm.qc.ca\/intranet\/wp-content\/uploads\/sites\/4\/2019\/09\/Cahier_Participant_CPM_2011.pdf\" target=\"_blank\">Cliquez ici pour acc\u00e9der au cahier du participant<\/a><\/li><li><a rel=\"noreferrer noopener\" aria-label=\"Cliquez ici pour acc\u00e9der au prix Claude Brunet (s\u2019ouvre dans un nouvel onglet)\" href=\"https:\/\/cpm.qc.ca\/intranet\/wp-content\/uploads\/sites\/4\/2019\/09\/Prix-Claude-Brunet-2011.pdf\" target=\"_blank\">Cliquez ici pour acc\u00e9der au prix Claude Brunet<\/a><\/li><\/ul>\n\n\n\n<p>Pour la dixi\u00e8me ann\u00e9e cons\u00e9cutive, le Conseil pour la protection des malades est heureux d\u2019annoncer la tenue de son colloque annuel qui se tiendra les 19 et 20 juin 2011\u00e0 l\u2019Auberge Des Seigneurs, \u00e0 Saint-Hyacinthe. <\/p>\n\n\n\n<p>Sous le th\u00e8me Maximiser les ressources pour une meilleure gestion de la maladie chronique et de l\u2019Alzheimer, le Conseil pour la protection des malades vous offre une formule adapt\u00e9e \u00e0 vos besoins et un contenu qui saura vous plaire. Veuillez trouver ci-joints le programme pr\u00e9liminaire de cet \u00e9v\u00e9nement marquant le 37e anniversaire de cr\u00e9ation de l\u2019organisation.<\/p>\n\n\n\n<p><\/p>\n\n\n\n<h2 class=\"wp-block-heading\">Nos conf\u00e9renciers invit\u00e9s:<\/h2>\n\n\n\n<p><strong>Allocution d\u2019ouverture :<\/strong>\u00a0Dr Yves Bolduc, ministre de la Sant\u00e9 et des Services sociaux du Qu\u00e9bec<\/p>\n\n\n\n<p><strong>Pl\u00e9ni\u00e8re sur la maladie chronique vue par le haut dirigeant de l\u2019INESSS\u00a0:<\/strong> Dr Juan Roberto Iglesias<\/p>\n\n\n\n<p><strong>Panel sur l\u2019utilisation optimale des m\u00e9dicaments dans le traitement de la maladie chronique\u00a0:<\/strong><\/p>\n\n\n\n<ul class=\"wp-block-list\"><li>Mme Diane Lamarre, pr\u00e9sidente de l\u2019Ordre des\npharmaciens du Qu\u00e9bec<\/li><li>Mme Gyslaine Desrosiers, pr\u00e9sidente de l\u2019Ordre\ndes infirmi\u00e8res et infirmiers du Qu\u00e9bec<\/li><li>M. Jacques Lalibert\u00e9, pr\u00e9sident du conseil\nd\u2019administration de l\u2019association Qu\u00e9b\u00e9coise de la douleur chronique<\/li><li>Dre Louise-H\u00e9l\u00e8ne Lebrun, neurologue<\/li><\/ul>\n\n\n\n<p><strong>Conf\u00e9rence : R\u00f4le et importance du patient dans l\u2019inscription des m\u00e9dicaments\u00a0: <\/strong>Mme Nicole Giroux<\/p>\n\n\n\n<p><strong>Pl\u00e9ni\u00e8re : La zooth\u00e9rapie <\/strong>\u2013 Mme St\u00e9phanie Lemieux, Clinique Amis-Maux inc<\/p>\n","protected":false},"excerpt":{"rendered":"<p>Maximiser les ressources pour une meilleure gestion de la maladie chronique et de l&rsquo;alzheimer Cliquez ici pour acc\u00e9der \u00e0 la lettre d\u2019invitation Cliquez ici pour acc\u00e9der \u00e0 la fiche d\u2019inscription Cliquez ici pour acc\u00e9der au cahier du participant Cliquez ici <a class=\"more-link\" href=\"https:\/\/cpm.qc.ca\/intranet\/colloques\/colloque-2011\/\">Lire la suite &#8230;<\/a><\/p>\n","protected":false},"author":2,"featured_media":790,"parent":131,"menu_order":0,"comment_status":"closed","ping_status":"closed","template":"","meta":{"_bbp_topic_count":0,"_bbp_reply_count":0,"_bbp_total_topic_count":0,"_bbp_total_reply_count":0,"_bbp_voice_count":0,"_bbp_anonymous_reply_count":0,"_bbp_topic_count_hidden":0,"_bbp_reply_count_hidden":0,"_bbp_forum_subforum_count":0,"footnotes":""},"class_list":["post-784","page","type-page","status-publish","has-post-thumbnail","hentry"],"_links":{"self":[{"href":"https:\/\/cpm.qc.ca\/intranet\/wp-json\/wp\/v2\/pages\/784","targetHints":{"allow":["GET"]}}],"collection":[{"href":"https:\/\/cpm.qc.ca\/intranet\/wp-json\/wp\/v2\/pages"}],"about":[{"href":"https:\/\/cpm.qc.ca\/intranet\/wp-json\/wp\/v2\/types\/page"}],"author":[{"embeddable":true,"href":"https:\/\/cpm.qc.ca\/intranet\/wp-json\/wp\/v2\/users\/2"}],"replies":[{"embeddable":true,"href":"https:\/\/cpm.qc.ca\/intranet\/wp-json\/wp\/v2\/comments?post=784"}],"version-history":[{"count":12,"href":"https:\/\/cpm.qc.ca\/intranet\/wp-json\/wp\/v2\/pages\/784\/revisions"}],"predecessor-version":[{"id":820,"href":"https:\/\/cpm.qc.ca\/intranet\/wp-json\/wp\/v2\/pages\/784\/revisions\/820"}],"up":[{"embeddable":true,"href":"https:\/\/cpm.qc.ca\/intranet\/wp-json\/wp\/v2\/pages\/131"}],"wp:featuredmedia":[{"embeddable":true,"href":"https:\/\/cpm.qc.ca\/intranet\/wp-json\/wp\/v2\/media\/790"}],"wp:attachment":[{"href":"https:\/\/cpm.qc.ca\/intranet\/wp-json\/wp\/v2\/media?parent=784"}],"curies":[{"name":"wp","href":"https:\/\/api.w.org\/{rel}","templated":true}]}}