{"id":744,"date":"2019-09-14T17:59:35","date_gmt":"2019-09-14T22:59:35","guid":{"rendered":"https:\/\/cpmqcca.mywhc.ca\/intranet\/?page_id=744"},"modified":"2019-09-14T21:45:35","modified_gmt":"2019-09-15T02:45:35","slug":"colloque-2012","status":"publish","type":"page","link":"https:\/\/cpm.qc.ca\/intranet\/colloques\/colloque-2012\/","title":{"rendered":"Colloque 2012"},"content":{"rendered":"\n<h1 class=\"wp-block-heading\">La communication et le pouvoir d&rsquo;agir des comit\u00e9s des usagers et de r\u00e9sidents<\/h1>\n\n\n\n<ul class=\"wp-block-list\"><li><a rel=\"noreferrer noopener\" aria-label=\"Cliquez ici pour acc\u00e9der \u00e0 la lettre d\u2019invitation (s\u2019ouvre dans un nouvel onglet)\" href=\"https:\/\/cpm.qc.ca\/intranet\/wp-content\/uploads\/sites\/4\/2019\/09\/Invitation-aux-participants-2012.pdf\" target=\"_blank\">Cliquez ici pour acc\u00e9der \u00e0 la lettre d\u2019invitation<\/a><\/li><li><a rel=\"noreferrer noopener\" aria-label=\"Cliquez ici pour acc\u00e9der \u00e0 la fiche d\u2019inscription (s\u2019ouvre dans un nouvel onglet)\" href=\"https:\/\/cpm.qc.ca\/intranet\/wp-content\/uploads\/sites\/4\/2019\/09\/Formulaire-inscription-2012.pdf\" target=\"_blank\">Cliquez ici pour acc\u00e9der \u00e0 la fiche d\u2019inscription<\/a><\/li><li><a href=\"https:\/\/cpm.qc.ca\/intranet\/wp-content\/uploads\/sites\/4\/2019\/09\/Programme-final-colloque-28052012.pdf\" target=\"_blank\" rel=\"noreferrer noopener\" aria-label=\"Cliquez ici pour acc\u00e9der au cahier du participant  (s\u2019ouvre dans un nouvel onglet)\">Cliquez ici pour acc\u00e9der au cahier du participant <\/a><\/li><li><a rel=\"noreferrer noopener\" aria-label=\"Cliquez ici pour acc\u00e9der au prix Claude Brunet (s\u2019ouvre dans un nouvel onglet)\" href=\"https:\/\/cpm.qc.ca\/intranet\/wp-content\/uploads\/sites\/4\/2019\/09\/Prix-Claude-Brunet-2012.pdf\" target=\"_blank\">Cliquez ici pour acc\u00e9der au prix Claude Brunet<\/a><\/li><\/ul>\n\n\n\n<p>Sous l\u2019initiative de la F\u00e9d\u00e9ration des comit\u00e9s des usagers\net de r\u00e9sidents du Qu\u00e9bec (FCURQ), nous avons choisi pour les participants le\nth\u00e8me La communication et le pouvoir d\u2019agir des comit\u00e9s des usagers et de\nr\u00e9sidents.<\/p>\n\n\n\n<p>Les participants auront l\u2019occasion de s\u2019informer, entre\nautres, sur l\u2019importance d\u2019une bonne communication entre la direction g\u00e9n\u00e9rale\net le comit\u00e9, ils seront invit\u00e9s \u00e0 faire conna\u00eetre leur point de vue sur ce\nd\u00e9bat en prenant la parole.<\/p>\n\n\n\n<h2 class=\"wp-block-heading\">Nos  conf\u00e9renciers invit\u00e9s:<\/h2>\n\n\n\n<p><strong>Allocution d\u2019ouverture :<\/strong> Dr Yves Bolduc, ministre de la Sant\u00e9 et des Services sociaux du Qu\u00e9bec<\/p>\n\n\n\n<p><strong>L\u2019importance d\u2019une bonne communication entre la direction g\u00e9n\u00e9rale et le comit\u00e9 des usagers : <\/strong>M. Denis Lalumi\u00e8re, sous-ministre adjoint, Direction de la planification au MSSS.<\/p>\n\n\n\n<p><strong>L\u2019importance du recours \u00e0 une personne-ressource comme moyen pour les comit\u00e9s des usagers de s\u2019acquitter de leur mandat : <\/strong>Mme Catherine Maranda, conseill\u00e8re \u00e0 la Direction de la planification au MSSS.<\/p>\n\n\n\n<p><strong>La r\u00e9solution des conflits :<\/strong> Me Marc-Andr\u00e9 Dowd, vice-protecteur \u00e0 la pr\u00e9vention et \u00e0 l&rsquo;innovation.<\/p>\n\n\n\n<p><strong>Les relations interpersonnelles et la strat\u00e9gie de communication : <\/strong>Mme Rose-Marie Charest, pr\u00e9sidente de l\u2019Ordre des psychologues du Qu\u00e9bec.<\/p>\n\n\n\n<p><strong>La communication avec le commissaire aux plaintes et \u00e0 la qualit\u00e9 des services dans l\u2019optique d\u2019am\u00e9liorer la qualit\u00e9 des services : <\/strong>Mme Sophie Marchildon<\/p>\n","protected":false},"excerpt":{"rendered":"<p>La communication et le pouvoir d&rsquo;agir des comit\u00e9s des usagers et de r\u00e9sidents Cliquez ici pour acc\u00e9der \u00e0 la lettre d\u2019invitation Cliquez ici pour acc\u00e9der \u00e0 la fiche d\u2019inscription Cliquez ici pour acc\u00e9der au cahier du participant Cliquez ici pour <a class=\"more-link\" href=\"https:\/\/cpm.qc.ca\/intranet\/colloques\/colloque-2012\/\">Lire la suite &#8230;<\/a><\/p>\n","protected":false},"author":2,"featured_media":765,"parent":131,"menu_order":0,"comment_status":"closed","ping_status":"closed","template":"","meta":{"_bbp_topic_count":0,"_bbp_reply_count":0,"_bbp_total_topic_count":0,"_bbp_total_reply_count":0,"_bbp_voice_count":0,"_bbp_anonymous_reply_count":0,"_bbp_topic_count_hidden":0,"_bbp_reply_count_hidden":0,"_bbp_forum_subforum_count":0,"footnotes":""},"class_list":["post-744","page","type-page","status-publish","has-post-thumbnail","hentry"],"_links":{"self":[{"href":"https:\/\/cpm.qc.ca\/intranet\/wp-json\/wp\/v2\/pages\/744","targetHints":{"allow":["GET"]}}],"collection":[{"href":"https:\/\/cpm.qc.ca\/intranet\/wp-json\/wp\/v2\/pages"}],"about":[{"href":"https:\/\/cpm.qc.ca\/intranet\/wp-json\/wp\/v2\/types\/page"}],"author":[{"embeddable":true,"href":"https:\/\/cpm.qc.ca\/intranet\/wp-json\/wp\/v2\/users\/2"}],"replies":[{"embeddable":true,"href":"https:\/\/cpm.qc.ca\/intranet\/wp-json\/wp\/v2\/comments?post=744"}],"version-history":[{"count":15,"href":"https:\/\/cpm.qc.ca\/intranet\/wp-json\/wp\/v2\/pages\/744\/revisions"}],"predecessor-version":[{"id":798,"href":"https:\/\/cpm.qc.ca\/intranet\/wp-json\/wp\/v2\/pages\/744\/revisions\/798"}],"up":[{"embeddable":true,"href":"https:\/\/cpm.qc.ca\/intranet\/wp-json\/wp\/v2\/pages\/131"}],"wp:featuredmedia":[{"embeddable":true,"href":"https:\/\/cpm.qc.ca\/intranet\/wp-json\/wp\/v2\/media\/765"}],"wp:attachment":[{"href":"https:\/\/cpm.qc.ca\/intranet\/wp-json\/wp\/v2\/media?parent=744"}],"curies":[{"name":"wp","href":"https:\/\/api.w.org\/{rel}","templated":true}]}}