{"id":726,"date":"2019-09-14T14:39:20","date_gmt":"2019-09-14T19:39:20","guid":{"rendered":"https:\/\/cpmqcca.mywhc.ca\/intranet\/?page_id=726"},"modified":"2019-09-14T21:30:13","modified_gmt":"2019-09-15T02:30:13","slug":"colloque-2014","status":"publish","type":"page","link":"https:\/\/cpm.qc.ca\/intranet\/colloques\/colloque-2014\/","title":{"rendered":"Colloque 2014"},"content":{"rendered":"\n<h1 class=\"wp-block-heading\">La place du priv\u00e9 dans le r\u00e9seau public de sant\u00e9<\/h1>\n\n\n\n<ul class=\"wp-block-list\"><li><a rel=\"noreferrer noopener\" href=\"https:\/\/cpm.qc.ca\/intranet\/wp-content\/uploads\/sites\/4\/2019\/09\/Colloque-2015-Lettre-dinvitation2.pdf\" target=\"_blank\">Cliquez ici pour acc\u00e9der \u00e0 la lettre d\u2019invitation<\/a><\/li><li><a rel=\"noreferrer noopener\" aria-label=\"Cliquez ici pour acc\u00e9der \u00e0 la fiche d\u2019inscription (s\u2019ouvre dans un nouvel onglet)\" href=\"https:\/\/cpm.qc.ca\/intranet\/wp-content\/uploads\/sites\/4\/2019\/09\/PROGRAMME-PR\u00c9LIMINAIRE-DU-COLLOQUE-2014.pdf\" target=\"_blank\">Cliquez ici pour acc\u00e9der \u00e0 la fiche d\u2019inscription<\/a><\/li><li><a rel=\"noreferrer noopener\" aria-label=\"Cliquez ici pour acc\u00e9der au cahier du participant (s\u2019ouvre dans un nouvel onglet)\" href=\"https:\/\/cpm.qc.ca\/intranet\/wp-content\/uploads\/sites\/4\/2019\/09\/Cahier-du-participant-2014.pdf.pdf\" target=\"_blank\">Cliquez ici pour acc\u00e9der au cahier du participant<\/a><\/li><li><a href=\"https:\/\/cpm.qc.ca\/intranet\/wp-content\/uploads\/sites\/4\/2019\/09\/PRIX-LES-R\u00c9CIPIENDAIRES-2014.pdf\" target=\"_blank\" rel=\"noreferrer noopener\" aria-label=\"Cliquer ici pour acc\u00e9der au prix r\u00e9cipendiaires (s\u2019ouvre dans un nouvel onglet)\">Cliquer ici pour acc\u00e9der au prix r\u00e9cipendiaires<\/a><\/li><li><a rel=\"noreferrer noopener\" aria-label=\"Cliquez ici pour acc\u00e9der aux photos du colloque (s\u2019ouvre dans un nouvel onglet)\" href=\"https:\/\/www.flickr.com\/photos\/126287267@N08\/sets\/72157645804022533\/\" target=\"_blank\">Cliquez ici pour acc\u00e9der aux photos du colloque<\/a><\/li><\/ul>\n\n\n\n<p>Sous le th\u00e8me <strong>La place du priv\u00e9 dans le r\u00e9gime public de sant\u00e9<\/strong>, nous invitons les participants \u00e0 ouvrir le dialogue sur cet important sujet. Nous vous informons qu\u2019un souper-conf\u00e9rence anim\u00e9 par le docteur Alain Vadeboncoeur est pr\u00e9vu pour le 1er  juin et portera sur le sujet Les enjeux priv\u00e9s-publics et votre sant\u00e9.<\/p>\n\n\n\n<h2 class=\"wp-block-heading\">Nos conf\u00e9renciers invit\u00e9s:<\/h2>\n\n\n\n<p>Panel : Contribution des corps professionnels de la sant\u00e9 dans l\u2019am\u00e9lioration de l\u2019accessibilit\u00e9 et la qualit\u00e9 des soins :<br>\n\u2022    Dr Yves Robert (Secr\u00e9taire, Coll\u00e8ge des m\u00e9decins)<br>\n\u2022    Mme Manon Lambert (Directrice g\u00e9n\u00e9rale et secr\u00e9taire, Ordre des Pharmaciens du Qu\u00e9bec)<br>\n\u2022    Mme Genevi\u00e8ve M\u00e9nard (Directrice conseil \u2013 Direction des affaires externes, Ordre des   <br>\n\u2022    infirmi\u00e8res et infirmiers du Qu\u00e9bec) <\/p>\n\n\n\n<p>Mme Raymonde Saint-Germain (Protectrice du citoyen) : La r\u00e9ponse aux besoins de        soutien \u00e0 domicile et d\u2019h\u00e9bergement fournie aux a\u00een\u00e9s en perte d\u2019autonomie et aux     personnes handicap\u00e9es : Probl\u00e9matique, enjeux et d\u00e9fis<\/p>\n\n\n\n<p>Panel &#8211; A\u00een\u00e9s et soutien \u00e0 domicile: <br>\n\u2022    Mme Manon Loranger : F\u00e9d\u00e9ration des coop\u00e9ratives des soins \u00e0 domicile et services de sant\u00e9 du Qu\u00e9bec<br>\n\u2022    Mme Pierrette Laperle : utilisatrice des services de soutien \u00e0 domicile<\/p>\n\n\n\n<p>Conf\u00e9rence de cl\u00f4ture :<br>\n\u2022    M. Luc Castonguay, Sous ministre adjoint \u2013 Planification, performance et qualit\u00e9, minist\u00e8re de la Sant\u00e9 et des Services sociaux du Qu\u00e9bec : Recentrer nos actions sur la qualit\u00e9 de l&rsquo;exp\u00e9rience de soins et de services des usagers<\/p>\n\n\n\n<p>vous \u00e9claireront sur des sujets d\u2019actualit\u00e9 qui vous pr\u00e9occupent, notamment le projet de loi 10 et le projet de loi 20.<\/p>\n","protected":false},"excerpt":{"rendered":"<p>La place du priv\u00e9 dans le r\u00e9seau public de sant\u00e9 Cliquez ici pour acc\u00e9der \u00e0 la lettre d\u2019invitation Cliquez ici pour acc\u00e9der \u00e0 la fiche d\u2019inscription Cliquez ici pour acc\u00e9der au cahier du participant Cliquer ici pour acc\u00e9der au prix <a class=\"more-link\" href=\"https:\/\/cpm.qc.ca\/intranet\/colloques\/colloque-2014\/\">Lire la suite &#8230;<\/a><\/p>\n","protected":false},"author":2,"featured_media":792,"parent":131,"menu_order":0,"comment_status":"closed","ping_status":"closed","template":"","meta":{"_bbp_topic_count":0,"_bbp_reply_count":0,"_bbp_total_topic_count":0,"_bbp_total_reply_count":0,"_bbp_voice_count":0,"_bbp_anonymous_reply_count":0,"_bbp_topic_count_hidden":0,"_bbp_reply_count_hidden":0,"_bbp_forum_subforum_count":0,"footnotes":""},"class_list":["post-726","page","type-page","status-publish","has-post-thumbnail","hentry"],"_links":{"self":[{"href":"https:\/\/cpm.qc.ca\/intranet\/wp-json\/wp\/v2\/pages\/726","targetHints":{"allow":["GET"]}}],"collection":[{"href":"https:\/\/cpm.qc.ca\/intranet\/wp-json\/wp\/v2\/pages"}],"about":[{"href":"https:\/\/cpm.qc.ca\/intranet\/wp-json\/wp\/v2\/types\/page"}],"author":[{"embeddable":true,"href":"https:\/\/cpm.qc.ca\/intranet\/wp-json\/wp\/v2\/users\/2"}],"replies":[{"embeddable":true,"href":"https:\/\/cpm.qc.ca\/intranet\/wp-json\/wp\/v2\/comments?post=726"}],"version-history":[{"count":14,"href":"https:\/\/cpm.qc.ca\/intranet\/wp-json\/wp\/v2\/pages\/726\/revisions"}],"predecessor-version":[{"id":994,"href":"https:\/\/cpm.qc.ca\/intranet\/wp-json\/wp\/v2\/pages\/726\/revisions\/994"}],"up":[{"embeddable":true,"href":"https:\/\/cpm.qc.ca\/intranet\/wp-json\/wp\/v2\/pages\/131"}],"wp:featuredmedia":[{"embeddable":true,"href":"https:\/\/cpm.qc.ca\/intranet\/wp-json\/wp\/v2\/media\/792"}],"wp:attachment":[{"href":"https:\/\/cpm.qc.ca\/intranet\/wp-json\/wp\/v2\/media?parent=726"}],"curies":[{"name":"wp","href":"https:\/\/api.w.org\/{rel}","templated":true}]}}