{"id":555,"date":"2019-09-02T13:00:40","date_gmt":"2019-09-02T18:00:40","guid":{"rendered":"https:\/\/cpmqcca.mywhc.ca\/intranet\/?page_id=555"},"modified":"2019-09-14T21:50:42","modified_gmt":"2019-09-15T02:50:42","slug":"colloque-2015","status":"publish","type":"page","link":"https:\/\/cpm.qc.ca\/intranet\/colloques\/colloque-2015\/","title":{"rendered":"Colloque 2015"},"content":{"rendered":"\n<h1 class=\"wp-block-heading\">Comment se retrouver dans un r\u00e9seau en pleine mutation? Les grands chantiers<\/h1>\n\n\n\n<ul class=\"wp-block-list\"><li><a rel=\"noreferrer noopener\" aria-label=\" (s\u2019ouvre dans un nouvel onglet)\" href=\"https:\/\/cpm.qc.ca\/intranet\/wp-content\/uploads\/sites\/4\/2019\/09\/Colloque-2015-Lettre-dinvitation2.pdf\" target=\"_blank\">Cliquez ici pour acc\u00e9der \u00e0 la lettre d\u2019invitation<\/a><\/li><li><a rel=\"noreferrer noopener\" aria-label=\" (s\u2019ouvre dans un nouvel onglet)\" href=\"https:\/\/cpm.qc.ca\/intranet\/wp-content\/uploads\/sites\/4\/2019\/09\/Colloque-2015-Programme-preliminaire.pdf\" target=\"_blank\">Cliquez ici pour acc\u00e9der \u00e0 la fiche d\u2019inscription<\/a><\/li><li><a rel=\"noreferrer noopener\" aria-label=\" (s\u2019ouvre dans un nouvel onglet)\" href=\"https:\/\/cpm.qc.ca\/intranet\/wp-content\/uploads\/sites\/4\/2019\/09\/CPM-cahier-du-participant-2015.pdf\" target=\"_blank\">Cliquez ici pour acc\u00e9der au cahier du participant<\/a><\/li><li><a rel=\"noreferrer noopener\" href=\"https:\/\/www.flickr.com\/photos\/126287267@N08\/sets\/72157653499743978\" target=\"_blank\">Cliquez ici pour acc\u00e9der aux photos du colloque<\/a><\/li><li><a href=\"https:\/\/cpm.qc.ca\/intranet\/wp-content\/uploads\/sites\/4\/2019\/09\/Prix-Claude-Brunet-2015.pdf\" target=\"_blank\" rel=\"noreferrer noopener\" aria-label=\"Cliquez ici pour acc\u00e9der au prix Claude Brunet et d'Excellence (s\u2019ouvre dans un nouvel onglet)\">Cliquez ici pour acc\u00e9der au prix Claude Brunet et d&rsquo;Excellence<\/a><\/li><\/ul>\n\n\n\n<p>La tenue du colloque, les 31 mai et 1er juin 2015, co\u00efncide cette ann\u00e9e avec le 41e anniversaire de la cr\u00e9ation du Conseil pour la Protection des Malades par M. Claude Brunet.<\/p>\n\n\n\n<h2 class=\"wp-block-heading\">Nos conf\u00e9renciers invit\u00e9s:<\/h2>\n\n\n\n<ul class=\"wp-block-list\"><li><strong>M. Vincent Dumez<\/strong>, co-directeur du Bureau facultaire de l\u2019expertise patient, partenaire de la Facult\u00e9 de M\u00e9decine de l\u2019Universit\u00e9 de Montr\u00e9al<\/li><li><strong> Mme Diane Lamarre<\/strong>, d\u00e9put\u00e9e de Taillon, porte-parole de l\u2019opposition officielle en mati\u00e8re de sant\u00e9 et d\u2019accessibilit\u00e9 aux soins<\/li><li><strong>M. Damien Contandriopoulos<\/strong>, professeur agr\u00e9g\u00e9, Facult\u00e9 des sciences infirmi\u00e8res, Universit\u00e9 de Montr\u00e9al<\/li><li><strong>Me Jean-Pierre M\u00e9nard<\/strong>, sp\u00e9cialiste en droit m\u00e9dical<\/li><li><strong>M. Sylvain Authier<\/strong>, vice-pr\u00e9sident Morneau Shepell<\/li><li><strong>M. Michel Sanscartier<\/strong>, coordonateur du service de nutrition clinique \u00e0 l\u2019Institut Universitaire G\u00e9riatrique de Montr\u00e9al<\/li><li><strong>Mme Paule Bernier<\/strong>, pr\u00e9sidente de l\u2019Ordre professionnel des di\u00e9t\u00e9tistes du Qu\u00e9bec<\/li><li><strong>M. Pierre Gfeller<\/strong>, pr\u00e9sident-directeur-g\u00e9n\u00e9ral du CIUSSS du Nord de l\u2019\u00cele de Montr\u00e9al<\/li><\/ul>\n\n\n\n<p>vous \u00e9claireront sur des sujets d\u2019actualit\u00e9 qui vous pr\u00e9occupent, notamment le projet de loi 10 et le projet de loi 20.<\/p>\n\n\n\n<h2 class=\"wp-block-heading\">IMPORTANT :<\/h2>\n\n\n\n<ul class=\"wp-block-list\"><li><strong>Vu le retard dans la r\u00e9ception de votre budget de fonctionnement, le Conseil pour la protection des malades vous invite \u00e0 envoyer vos inscriptions et de proc\u00e9der au paiement de votre facture plus tard.<\/strong><\/li><li><strong>Le film \u00ab LA CONTESTATION DE CLAUDE BRUNET \u00bb sera pr\u00e9sent\u00e9 \u00e0 l\u2019occasion du colloque apr\u00e8s le souper-conf\u00e9rence. De plus, vous pourrez vous procurer le DVD sur place pour un montant de 125,00 $ !<\/strong><\/li><\/ul>\n\n\n\n<p><br>Au plaisir de vous compter parmi nous, veuillez recevoir nos salutations les plus distingu\u00e9es.<\/p>\n","protected":false},"excerpt":{"rendered":"<p>Comment se retrouver dans un r\u00e9seau en pleine mutation? Les grands chantiers Cliquez ici pour acc\u00e9der \u00e0 la lettre d\u2019invitation Cliquez ici pour acc\u00e9der \u00e0 la fiche d\u2019inscription Cliquez ici pour acc\u00e9der au cahier du participant Cliquez ici pour acc\u00e9der <a class=\"more-link\" href=\"https:\/\/cpm.qc.ca\/intranet\/colloques\/colloque-2015\/\">Lire la suite &#8230;<\/a><\/p>\n","protected":false},"author":2,"featured_media":794,"parent":131,"menu_order":0,"comment_status":"closed","ping_status":"closed","template":"","meta":{"_bbp_topic_count":0,"_bbp_reply_count":0,"_bbp_total_topic_count":0,"_bbp_total_reply_count":0,"_bbp_voice_count":0,"_bbp_anonymous_reply_count":0,"_bbp_topic_count_hidden":0,"_bbp_reply_count_hidden":0,"_bbp_forum_subforum_count":0,"footnotes":""},"class_list":["post-555","page","type-page","status-publish","has-post-thumbnail","hentry"],"_links":{"self":[{"href":"https:\/\/cpm.qc.ca\/intranet\/wp-json\/wp\/v2\/pages\/555","targetHints":{"allow":["GET"]}}],"collection":[{"href":"https:\/\/cpm.qc.ca\/intranet\/wp-json\/wp\/v2\/pages"}],"about":[{"href":"https:\/\/cpm.qc.ca\/intranet\/wp-json\/wp\/v2\/types\/page"}],"author":[{"embeddable":true,"href":"https:\/\/cpm.qc.ca\/intranet\/wp-json\/wp\/v2\/users\/2"}],"replies":[{"embeddable":true,"href":"https:\/\/cpm.qc.ca\/intranet\/wp-json\/wp\/v2\/comments?post=555"}],"version-history":[{"count":7,"href":"https:\/\/cpm.qc.ca\/intranet\/wp-json\/wp\/v2\/pages\/555\/revisions"}],"predecessor-version":[{"id":804,"href":"https:\/\/cpm.qc.ca\/intranet\/wp-json\/wp\/v2\/pages\/555\/revisions\/804"}],"up":[{"embeddable":true,"href":"https:\/\/cpm.qc.ca\/intranet\/wp-json\/wp\/v2\/pages\/131"}],"wp:featuredmedia":[{"embeddable":true,"href":"https:\/\/cpm.qc.ca\/intranet\/wp-json\/wp\/v2\/media\/794"}],"wp:attachment":[{"href":"https:\/\/cpm.qc.ca\/intranet\/wp-json\/wp\/v2\/media?parent=555"}],"curies":[{"name":"wp","href":"https:\/\/api.w.org\/{rel}","templated":true}]}}