{"id":1503,"date":"2021-12-27T07:48:39","date_gmt":"2021-12-27T12:48:39","guid":{"rendered":"https:\/\/cpm.qc.ca\/intranet\/?page_id=1503"},"modified":"2021-12-27T07:48:42","modified_gmt":"2021-12-27T12:48:42","slug":"colloque-2021","status":"publish","type":"page","link":"https:\/\/cpm.qc.ca\/intranet\/colloques\/colloque-2021\/","title":{"rendered":"Colloque 2021"},"content":{"rendered":"\n<h1 class=\"wp-block-heading\">L&rsquo;avenir des soins de longue dur\u00e9e et des soins \u00e0 domicile<\/h1>\n\n\n\n<ul class=\"wp-block-list\"><li><a href=\"https:\/\/cpm.qc.ca\/intranet\/wp-content\/uploads\/sites\/4\/2021\/12\/CPM_Invitation_colloque_2021.pdf\" target=\"_blank\" rel=\"noreferrer noopener\">Cliquez ici pour acc\u00e9der \u00e0 la lettre d\u2019invitation<\/a><\/li><li><a href=\"https:\/\/cpm.qc.ca\/intranet\/wp-content\/uploads\/sites\/4\/2021\/12\/CPM_formulaire_inscription_Colloque_2021.pdf\" target=\"_blank\" rel=\"noreferrer noopener\">Cliquez ici pour acc\u00e9der \u00e0 la fiche d\u2019inscription<\/a><\/li><li><a href=\"https:\/\/cpm.qc.ca\/intranet\/wp-content\/uploads\/sites\/4\/2021\/12\/CPM_cahier_du_participant_colloque_2021.pdf\" target=\"_blank\" rel=\"noreferrer noopener\">Cliquez ici pour acc\u00e9der au cahier du participant<\/a><\/li><li><a rel=\"noreferrer noopener\" href=\"https:\/\/www.youtube.com\/watch?v=LAa5u6w6rhQ\" target=\"_blank\">Cliquez ici pour acc\u00e9der \u00e0 la vid\u00e9o du Dre Dech\u00eane<\/a><\/li><\/ul>\n\n\n\n<p>Depuis le colloque de Rouyn en septembre&nbsp;2016, le <em>Conseil pour la protection des malades<\/em> r\u00e9clame du gouvernement du Qu\u00e9bec une loi de l\u2019assembl\u00e9e nationale sur les soins&nbsp;de longue dur\u00e9e. L\u2019objectif consiste principalement \u00e0 sortir l\u2019offre&nbsp;des soins&nbsp;de longue&nbsp;dur\u00e9e des caprices et des vell\u00e9it\u00e9s des gouvernements qui se succ\u00e8dent. Chacun d\u2019eux arrive avec&nbsp;une nouvelle politique et des \u00e9nonc\u00e9s budg\u00e9taires, mais aucun n\u2019a tent\u00e9 jusqu\u2019ici de d\u00e9finir pr\u00e9cis\u00e9ment les droits des usagers de soins de longue dur\u00e9e et de d\u00e9terminer quel est le panier de services. Les usagers sont \u00e0 la merci de politiques changeantes et de l\u2019interpr\u00e9tation&nbsp;qu\u2019en font les \u00e9tablissements.&nbsp;<\/p>\n\n\n\n<p>En m\u00eame temps s\u2019est amorc\u00e9e une r\u00e9flexion sur l\u2019avenir des soins de longue dur\u00e9e, surtout en ce qui concerne les a\u00een\u00e9s, mais pas uniquement. De plus en plus de gens r\u00e9clament des soins de longue dur\u00e9e \u00e0 domicile, incluant les soins palliatifs, et m\u00eame l\u2019aide m\u00e9dicale \u00e0 mourir.&nbsp;<\/p>\n\n\n\n<p>Le projet de loi que nous avons soumis au cabinet de la ministre&nbsp;n\u2019inclut pas dans sa forme actuelle les soins \u00e0 domicile. Nous pensons que nous sommes rendus au point d\u2019entamer&nbsp;une r\u00e9flexion pour les inclure, dans le m\u00eame esprit, mais avec bien&nbsp;s\u00fbr des sp\u00e9cificit\u00e9s qui leur appartiendraient.&nbsp;<\/p>\n\n\n\n<p>Nous croyons que le futur nous entra\u00eene dans cette direction&nbsp;: \u00e0 nous d\u2019y apporter notre contribution.&nbsp;<\/p>\n\n\n\n<p>.<\/p>\n\n\n\n<h2 class=\"wp-block-heading\">Notre conf\u00e9renci\u00e8re invit\u00e9e:<\/h2>\n\n\n\n<p><\/p>\n\n\n\n<ul class=\"wp-block-list\"><li><strong>Dre Genevi\u00e8ve Dech\u00eane<\/strong><\/li><\/ul>\n\n\n\n<p><\/p>\n\n\n\n<h2 class=\"wp-block-heading\">R\u00e9sum\u00e9 des \u00e9l\u00e9ments importants issus du colloque&nbsp;:<\/h2>\n\n\n\n<p>Le colloque organis\u00e9 par le <em>Conseil pour la protection des malades <\/em>le 10&nbsp;novembre 2021, sur l\u2019avenir des soins de longue dur\u00e9e, incluant les soins \u00e0 domicile, en ressources interm\u00e9diaires (RI) et en r\u00e9sidences pour a\u00een\u00e9s (RPA). Je vous \u00e9cris \u00e0 ce sujet.<\/p>\n\n\n\n<p>\u00c0 la lumi\u00e8re des informations tr\u00e8s pertinentes donn\u00e9es par la conf\u00e9renci\u00e8re invit\u00e9e, la Dre Genevi\u00e8ve&nbsp;Dech\u00eane, sp\u00e9cialiste en soins \u00e0 domicile, nous vous demandons&nbsp;:<\/p>\n\n\n\n<ol class=\"wp-block-list\" type=\"1\"><li>De revenir imm\u00e9diatement au texte original de la <em>lettre d\u2019entente&nbsp;336<\/em> (2018) qui permettait \u00e0 des \u00e9quipes m\u00e9dicales en CLSC de suivre leurs patients en fin de vie \u00e0 domicile jusqu\u2019au d\u00e9c\u00e8s.<\/li><\/ol>\n\n\n\n<ul class=\"wp-block-list\"><li>D\u2019implanter en urgence des \u00e9quipes m\u00e9dicales 24&nbsp;heures dans tous les CLSC de la province en raison des \u00e9conomies de co\u00fbts d\u00e9montr\u00e9es et de la r\u00e9duction importante des hospitalisations des Qu\u00e9b\u00e9cois en fin de vie, qui n\u2019ont plus besoin des soins hospitaliers.<\/li><\/ul>\n\n\n\n<p>L\u2019avenir des soins de longue dur\u00e9e en dehors des CHSLD, \u00e0 domicile, en RI et en RPA, doit en effet \u00eatre repens\u00e9 pour favoriser des soins \u00e0 domicile infirmiers et m\u00e9dicaux continus aux c\u00f4t\u00e9s des \u00e9quipes multidisciplinaires des CLSC, incluant une garde infirmi\u00e8re et m\u00e9dicale 24&nbsp;heures. En 2018, le ministre de la Sant\u00e9 signait avec le pr\u00e9sident de la FMOQ (F\u00e9d\u00e9ration des m\u00e9decins omnipraticiens) la <em>lettre d\u2019entente&nbsp;336. <\/em>Celle-ci autorisait l\u2019implantation dans tous les CLSC d\u2019\u00e9quipes m\u00e9dicales 24 heures prenant en charge des patients dans leur derni\u00e8re ann\u00e9e de vie. O\u00f9 en sommes-nous avec l\u2019application de cette entente\u2009??<\/p>\n\n\n\n<p>L\u2019\u00c9tat ainsi que les syndicats de professionnels doivent favoriser une meilleure pratique \u00e0 domicile en supportant mieux les proches aidant(e)s&nbsp;: on se doit de leur offrir un support infirmier et m\u00e9dical 24&nbsp;heures. Les grands malades, ceux dans leur derni\u00e8re ann\u00e9e de vie surtout, y gagneront de par leur aspiration \u00e0 rester chez eux le plus longtemps possible\u2009; et surtout, les unit\u00e9s hospitali\u00e8res d\u2019urgence seront moins sollicit\u00e9es qu\u2019elles ne le sont actuellement. On ne pourra pas r\u00e9duire les admissions en CHSLD qui re\u00e7oivent les patients en lourde perte d\u2019autonomie, mais on pourra r\u00e9duire la pression sur les ressources interm\u00e9diaires qui d\u00e9bordent, si on offre des soins complets \u00e0 domicile, en RI et en RPA. Les urgences au Qu\u00e9bec, qui re\u00e7oivent ces patients mal en point, subiront aussi de ce fait, moins de pression que pr\u00e9sentement.<\/p>\n\n\n\n<p>Au lieu de s\u2019enfoncer dans la r\u00e9crimination envers les soignants, l\u2019heure est venue de d\u00e9ployer les moyens et les professionnels pour humaniser les soins aux personnes les requ\u00e9rant \u00e0 domicile.<\/p>\n","protected":false},"excerpt":{"rendered":"<p>L&rsquo;avenir des soins de longue dur\u00e9e et des soins \u00e0 domicile Cliquez ici pour acc\u00e9der \u00e0 la lettre d\u2019invitation Cliquez ici pour acc\u00e9der \u00e0 la fiche d\u2019inscription Cliquez ici pour acc\u00e9der au cahier du participant Cliquez ici pour acc\u00e9der \u00e0 <a class=\"more-link\" href=\"https:\/\/cpm.qc.ca\/intranet\/colloques\/colloque-2021\/\">Lire la suite &#8230;<\/a><\/p>\n","protected":false},"author":6,"featured_media":1511,"parent":131,"menu_order":0,"comment_status":"closed","ping_status":"closed","template":"","meta":{"_bbp_topic_count":0,"_bbp_reply_count":0,"_bbp_total_topic_count":0,"_bbp_total_reply_count":0,"_bbp_voice_count":0,"_bbp_anonymous_reply_count":0,"_bbp_topic_count_hidden":0,"_bbp_reply_count_hidden":0,"_bbp_forum_subforum_count":0,"footnotes":""},"class_list":["post-1503","page","type-page","status-publish","has-post-thumbnail","hentry"],"_links":{"self":[{"href":"https:\/\/cpm.qc.ca\/intranet\/wp-json\/wp\/v2\/pages\/1503","targetHints":{"allow":["GET"]}}],"collection":[{"href":"https:\/\/cpm.qc.ca\/intranet\/wp-json\/wp\/v2\/pages"}],"about":[{"href":"https:\/\/cpm.qc.ca\/intranet\/wp-json\/wp\/v2\/types\/page"}],"author":[{"embeddable":true,"href":"https:\/\/cpm.qc.ca\/intranet\/wp-json\/wp\/v2\/users\/6"}],"replies":[{"embeddable":true,"href":"https:\/\/cpm.qc.ca\/intranet\/wp-json\/wp\/v2\/comments?post=1503"}],"version-history":[{"count":8,"href":"https:\/\/cpm.qc.ca\/intranet\/wp-json\/wp\/v2\/pages\/1503\/revisions"}],"predecessor-version":[{"id":1516,"href":"https:\/\/cpm.qc.ca\/intranet\/wp-json\/wp\/v2\/pages\/1503\/revisions\/1516"}],"up":[{"embeddable":true,"href":"https:\/\/cpm.qc.ca\/intranet\/wp-json\/wp\/v2\/pages\/131"}],"wp:featuredmedia":[{"embeddable":true,"href":"https:\/\/cpm.qc.ca\/intranet\/wp-json\/wp\/v2\/media\/1511"}],"wp:attachment":[{"href":"https:\/\/cpm.qc.ca\/intranet\/wp-json\/wp\/v2\/media?parent=1503"}],"curies":[{"name":"wp","href":"https:\/\/api.w.org\/{rel}","templated":true}]}}