{"id":138,"date":"2019-08-29T06:25:15","date_gmt":"2019-08-29T11:25:15","guid":{"rendered":"https:\/\/cpmqcca.mywhc.ca\/intranet\/?page_id=138"},"modified":"2025-02-26T10:46:36","modified_gmt":"2025-02-26T15:46:36","slug":"formations","status":"publish","type":"page","link":"https:\/\/cpm.qc.ca\/intranet\/formations\/","title":{"rendered":"Formations"},"content":{"rendered":"\n<p><strong>Contrairement \u00e0 des informations fausses v\u00e9hicul\u00e9es, toutes les formations offertes par le CPM, et qui sont en lien avec le mandat des comit\u00e9s, pr\u00e9vu \u00e0 la loi, n&rsquo;a pas \u00e0 \u00eatre ni certifi\u00e9 par le minist\u00e8re de la sant\u00e9 ni autoris\u00e9 par quiconque.<\/strong><br><br>Le CPM favorise le perfectionnement professionnel de ses membres en leur offrant des outils pratiques et utiles. De nouvelles formations sur mesure sont constamment en \u00e9laboration, mises \u00e0 jour et donn\u00e9es par nos professionnels.<\/p>\n\n\n\n<p>Le CPM offre \u00e0 ses comit\u00e9s des usagers et de r\u00e9sidents membres la possibilit\u00e9 de b\u00e9n\u00e9ficier <strong>d\u2019une formation gratuite par ann\u00e9e <\/strong>(sous r\u00e9serve des frais de d\u00e9placement et de repas applicables).<\/p>\n\n\n\n<p>Autrement, nous offrons nous formations \u00e0 un <strong>taux horaire tr\u00e8s accessible<\/strong>, conform\u00e9ment \u00e0 notre <em>Politique de tarification des formations offertes aux membres<\/em>.&nbsp;<\/p>\n\n\n\n<hr class=\"wp-block-separator has-css-opacity\"\/>\n\n\n\n<h2 class=\"wp-block-heading\">Ateliers de travail, formations-\u00e9clair pour vos assembl\u00e9es et p\u00e9riodes de questions adapt\u00e9es \u00e0 vos besoins<\/h2>\n\n\n\n<p>Votre comit\u00e9 a besoin d\u2019une pr\u00e9sentation sur un sujet qui n\u2019est pas abord\u00e9 par nos formations usuelles? Vous aimeriez organiser une session de travail anim\u00e9e par un membre du CPM ? Vous souhaitez dynamiser votre assembl\u00e9e g\u00e9n\u00e9rale annuelle par la pr\u00e9sence d\u2019un conf\u00e9rencier?<\/p>\n\n\n\n<p>Sachez que le CPM peut se d\u00e9placer dans votre r\u00e9gion pour effectuer une pr\u00e9sentation plus informelle ou pour soutenir votre comit\u00e9 dans ses travaux sur de nombreuses th\u00e9matiques, en fonction de vos besoins.<\/p>\n\n\n\n<p>Voici quelques exemples de th\u00e9matiques que nos pr\u00e9sentations sur mesure peuvent aborder :<\/p>\n\n\n\n<ul class=\"wp-block-list\">\n<li>Les cons\u00e9quences du projet de loi 10<\/li>\n\n\n\n<li>Soutien \u00e0 la r\u00e9daction des r\u00e8gles de fonctionnement<\/li>\n\n\n\n<li>La maltraitance des personnes vuln\u00e9rables<\/li>\n\n\n\n<li>L\u2019\u00e9thique et le conflit d\u2019int\u00e9r\u00eat<\/li>\n\n\n\n<li>La sant\u00e9 mentale<\/li>\n\n\n\n<li>Les soins \u00e0 domicile<\/li>\n\n\n\n<li>Le droit \u00e0 mourir dans la dignit\u00e9 et le respect des directives de fin de vie<\/li>\n\n\n\n<li>L\u2019acc\u00e8s au dossier m\u00e9dical<\/li>\n\n\n\n<li>Le droit des usagers h\u00e9berg\u00e9s en CHSLD \u00e0 un milieu de vie de qualit\u00e9<\/li>\n\n\n\n<li>etc.<\/li>\n<\/ul>\n\n\n\n<p>Pour toute information concernant nos disponibilit\u00e9s, les tarifs et notre politique d\u2019annulation, <strong>veuillez communiquer avec le CPM&nbsp;<\/strong>:<\/p>\n\n\n\n<ul class=\"wp-block-list\">\n<li>par courriel\u00a0: <a href=\"mailto:info@cpm.qc.ca\">info@cpm.qc.ca<\/a>\u00a0<\/li>\n\n\n\n<li>par t\u00e9l\u00e9phone\u00a0: 514-861-5922<\/li>\n<\/ul>\n\n\n\n<hr class=\"wp-block-separator has-css-opacity\"\/>\n\n\n\n<h2 class=\"wp-block-heading\">Formations offertes par le CPM<\/h2>\n\n\n\n<p><strong>Le vrai r\u00f4le d\u2019un comit\u00e9 d\u2019usagers ou de r\u00e9sidents<\/strong><br><em>Celui inscrit dans la loi, dans le cadre de r\u00e9f\u00e9rence et dans la litt\u00e9rature et non celui que certains voudraient bien qu\u2019il joue<\/em><\/p>\n\n\n\n<p><strong>Comment militer au sein d\u2019un comit\u00e9 d\u2019usagers ou de r\u00e9sidents<\/strong><br><em>Rendre son travail b\u00e9n\u00e9vole gratifiant en r\u00e9alisant une \u0153uvre qui vaille et qui porte, en faveur des usagers, de leurs familles ou de leurs proches&nbsp;<strong>FORMATION GRATUITE<\/strong>&nbsp;GR\u00c2CE \u00c0 UNE AIDE FINANCI\u00c8RE DU FONDS H\u00c9L\u00c8NE-RUMAK<\/em><\/p>\n\n\n\n<p><strong>Les pratiques d\u2019intervention directe en CHSLD<\/strong>&nbsp;<br><em>Se pr\u00e9senter, informer les autorit\u00e9s du r\u00f4le que le comit\u00e9, ses membres entendent jouer au sein de l\u2019\u00e9tablissement et aupr\u00e8s de l\u2019administration, dans le respect de la loi et de l\u2019autorit\u00e9 mais jamais avec complaisance<\/em><\/p>\n\n\n\n<p><strong>Pourquoi, comment, l\u2019alternative des cam\u00e9ras en CHSLD<\/strong>&nbsp;<br><em>Une solution extr\u00eame, souvent en d\u00e9sespoir de cause, face \u00e0 l\u2019inaction et l\u2019absence de suivi de demandes ou de plaintes des usagers ou de leurs familles<\/em><\/p>\n\n\n\n<p><strong>Le droit \u00e0 demander l\u2019aide m\u00e9dicale \u00e0 mourir<\/strong><br><em>Les situations d\u2019application, les conditions et la collaboration oblig\u00e9e de l\u2019administration et du personnel soignant<\/em><\/p>\n\n\n\n<p><strong>L<\/strong><strong>a confidentialit\u00e9 du dossier d&rsquo;un usager<\/strong><em><br>C&rsquo;est le droit pour l&rsquo;usager d&rsquo;exiger que ne soient pas divulgu\u00e9s, sans son consentement, les renseignements consign\u00e9s \u00e0 son dossier<\/em><\/p>\n\n\n\n<p><strong>Les diff\u00e9rents r\u00e9gimes de protection de la personne inapte<\/strong><em>Sur le plan juridique , il y a un besoin de protection lorsqu&rsquo;une personne inapte doit \u00eatre assist\u00e9e ou repr\u00e9sent\u00e9e dans l&rsquo;exercice de ses droits civils<\/em><\/p>\n\n\n\n<h2 class=\"wp-block-heading\">Tarifs&nbsp;<\/h2>\n\n\n\n<p>Comit\u00e9 affili\u00e9:&nbsp;<strong>500 $<\/strong>, d\u00e9penses en sus<br>Non affili\u00e9:&nbsp;<strong>1 000 $<\/strong>, d\u00e9penses en sus<\/p>\n","protected":false},"excerpt":{"rendered":"<p>Contrairement \u00e0 des informations fausses v\u00e9hicul\u00e9es, toutes les formations offertes par le CPM, et qui sont en lien avec le mandat des comit\u00e9s, pr\u00e9vu \u00e0 la loi, n&rsquo;a pas \u00e0 \u00eatre ni certifi\u00e9 par le minist\u00e8re de la sant\u00e9 ni <a class=\"more-link\" href=\"https:\/\/cpm.qc.ca\/intranet\/formations\/\">Lire la suite &#8230;<\/a><\/p>\n","protected":false},"author":2,"featured_media":0,"parent":0,"menu_order":0,"comment_status":"closed","ping_status":"closed","template":"","meta":{"_bbp_topic_count":0,"_bbp_reply_count":0,"_bbp_total_topic_count":0,"_bbp_total_reply_count":0,"_bbp_voice_count":0,"_bbp_anonymous_reply_count":0,"_bbp_topic_count_hidden":0,"_bbp_reply_count_hidden":0,"_bbp_forum_subforum_count":0,"footnotes":""},"class_list":["post-138","page","type-page","status-publish","hentry"],"_links":{"self":[{"href":"https:\/\/cpm.qc.ca\/intranet\/wp-json\/wp\/v2\/pages\/138","targetHints":{"allow":["GET"]}}],"collection":[{"href":"https:\/\/cpm.qc.ca\/intranet\/wp-json\/wp\/v2\/pages"}],"about":[{"href":"https:\/\/cpm.qc.ca\/intranet\/wp-json\/wp\/v2\/types\/page"}],"author":[{"embeddable":true,"href":"https:\/\/cpm.qc.ca\/intranet\/wp-json\/wp\/v2\/users\/2"}],"replies":[{"embeddable":true,"href":"https:\/\/cpm.qc.ca\/intranet\/wp-json\/wp\/v2\/comments?post=138"}],"version-history":[{"count":3,"href":"https:\/\/cpm.qc.ca\/intranet\/wp-json\/wp\/v2\/pages\/138\/revisions"}],"predecessor-version":[{"id":1804,"href":"https:\/\/cpm.qc.ca\/intranet\/wp-json\/wp\/v2\/pages\/138\/revisions\/1804"}],"wp:attachment":[{"href":"https:\/\/cpm.qc.ca\/intranet\/wp-json\/wp\/v2\/media?parent=138"}],"curies":[{"name":"wp","href":"https:\/\/api.w.org\/{rel}","templated":true}]}}