{"id":131,"date":"2019-08-28T12:05:43","date_gmt":"2019-08-28T17:05:43","guid":{"rendered":"https:\/\/cpmqcca.mywhc.ca\/intranet\/?page_id=131"},"modified":"2021-12-27T07:53:56","modified_gmt":"2021-12-27T12:53:56","slug":"colloques","status":"publish","type":"page","link":"https:\/\/cpm.qc.ca\/intranet\/colloques\/","title":{"rendered":"Colloques"},"content":{"rendered":"\n<h1 class=\"wp-block-heading\"><\/h1>\n\n\n\n<p>Le Conseil pour la protection des malades offre depuis 1990 divers colloques dont le th\u00e8me porte sur un sujet qui pr\u00e9occupe les usagers du r\u00e9seau de la sant\u00e9 et des services sociaux ainsi que les comit\u00e9s des usagers et de r\u00e9sidents \u00e0 travers la province. D&rsquo;ann\u00e9e en ann\u00e9e, plusieurs participent au colloque, ce qui en fait de loin, le rassemblement le plus militant des comit\u00e9s des usagers et de r\u00e9sidents au Qu\u00e9bec.<\/p>\n\n\n\n<p>Vous serez stimul\u00e9s par la dynamique des th\u00e8mes qui sont pr\u00e9sent\u00e9s par des conf\u00e9renciers chevronn\u00e9s.<\/p>\n\n\n\n<ul class=\"wp-block-list\"><li><a href=\"https:\/\/cpm.qc.ca\/intranet\/colloques\/colloque-2021\/\" data-type=\"URL\" data-id=\"https:\/\/cpm.qc.ca\/intranet\/colloques\/colloque-2021\/\">Colloque 2021: L&rsquo;avenir des soins de longue dur\u00e9e et des soins \u00e0 domicile<\/a><\/li><li><a href=\"https:\/\/cpm.qc.ca\/intranet\/colloques\/colloque-2019\/\">Colloque 2019: Un r\u00e9seau en r\u00e9paration pour nos a\u00een\u00e9s<\/a><\/li><li><a href=\"https:\/\/cpm.qc.ca\/intranet\/colloques\/colloque-2016\/\">Colloque 2016: Les R\u00e8gles qui r\u00e9gissent l&rsquo;h\u00e9bergement : des r\u00e8gles archa\u00efques qui divisent&#8230;<\/a><\/li><li><a href=\"https:\/\/cpm.qc.ca\/intranet\/colloques\/colloque-2015\/\">Colloque 2015: Comment de retrouver dans un r\u00e9seau en pleine mutation? Les grands chantiers<\/a> <\/li><li><a href=\"https:\/\/cpm.qc.ca\/intranet\/colloques\/colloque-2014\/\">Colloque 2014: La place du priv\u00e9 dans le r\u00e9seau public de sant\u00e9<\/a> <\/li><li><a href=\"https:\/\/cpm.qc.ca\/intranet\/colloques\/colloque-2013\/\">Colloque 2013: L&rsquo;exploitation financi\u00e8re des personnes vuln\u00e9rables<\/a><\/li><li><a href=\"https:\/\/cpm.qc.ca\/intranet\/colloques\/colloque-2012\/\">Colloque 2012: La communication et le pouvoir d&rsquo;agir des comit\u00e9s des usagers et de r\u00e9sidents<\/a><\/li><li><a href=\"https:\/\/cpm.qc.ca\/intranet\/colloques\/colloque-2011\/\">Colloque 2011: Maximiser les ressources pour une meilleure gestion de la maladie chronique et de l&rsquo;alzheimer<\/a><\/li><li><a href=\"https:\/\/cpm.qc.ca\/intranet\/colloques\/colloque-2010\/\">Colloque 2010: L&rsquo;usager au c\u0153ur de la qualit\u00e9<\/a><\/li><li><a href=\"https:\/\/cpm.qc.ca\/intranet\/colloques\/colloque-2009\/\">Colloque 2009: Les r\u00f4les en sant\u00e9 Ma dignit\u00e9<\/a><\/li><li><a href=\"https:\/\/cpm.qc.ca\/intranet\/colloques\/colloque-2008\/\">Colloque 2008: Les comit\u00e9s des usagers et de r\u00e9sidents: d\u00e9fis et pistes de solutions<\/a><\/li><li><a href=\"https:\/\/cpm.qc.ca\/intranet\/colloques\/colloque-2007\/\">Colloque 2007: L&rsquo;accompagnement en fin de vie<\/a><\/li><li><a href=\"https:\/\/cpm.qc.ca\/intranet\/colloques\/colloque-2006\/\">Colloque 2006: Points de vue sur l&rsquo;humanisation des soins de sant\u00e9<\/a><\/li><li><a href=\"https:\/\/cpm.qc.ca\/intranet\/colloques\/colloque-2005\/\">Colloque 2005: Pour am\u00e9liorer la qualit\u00e9 des services en \u00e9tablissement: du concept \u00e0 la r\u00e9alit\u00e9<\/a><\/li><li><a href=\"https:\/\/cpm.qc.ca\/intranet\/colloques\/colloque-2004\/\">Colloque 2004: La protection des personnes vuln\u00e9rables: d\u00e9fis et enjeux<\/a><\/li><li><a href=\"https:\/\/cpm.qc.ca\/intranet\/colloques\/colloque-2003\/\">Colloque 2003: Des usagers en h\u00e9bergement: droit \u00e0 la s\u00e9curit\u00e9, droit au respect<\/a><\/li><li><a href=\"https:\/\/cpm.qc.ca\/intranet\/colloques\/colloque-2002\/\">Colloque 2002: La place de l&rsquo;usager dans le syst\u00e8me de sant\u00e9 au Qu\u00e9bec<\/a><\/li><\/ul>\n\n\n\n<p><\/p>\n","protected":false},"excerpt":{"rendered":"<p>Le Conseil pour la protection des malades offre depuis 1990 divers colloques dont le th\u00e8me porte sur un sujet qui pr\u00e9occupe les usagers du r\u00e9seau de la sant\u00e9 et des services sociaux ainsi que les comit\u00e9s des usagers et de <a class=\"more-link\" href=\"https:\/\/cpm.qc.ca\/intranet\/colloques\/\">Lire la suite &#8230;<\/a><\/p>\n","protected":false},"author":2,"featured_media":0,"parent":0,"menu_order":0,"comment_status":"closed","ping_status":"closed","template":"","meta":{"_bbp_topic_count":0,"_bbp_reply_count":0,"_bbp_total_topic_count":0,"_bbp_total_reply_count":0,"_bbp_voice_count":0,"_bbp_anonymous_reply_count":0,"_bbp_topic_count_hidden":0,"_bbp_reply_count_hidden":0,"_bbp_forum_subforum_count":0,"footnotes":""},"class_list":["post-131","page","type-page","status-publish","hentry"],"_links":{"self":[{"href":"https:\/\/cpm.qc.ca\/intranet\/wp-json\/wp\/v2\/pages\/131","targetHints":{"allow":["GET"]}}],"collection":[{"href":"https:\/\/cpm.qc.ca\/intranet\/wp-json\/wp\/v2\/pages"}],"about":[{"href":"https:\/\/cpm.qc.ca\/intranet\/wp-json\/wp\/v2\/types\/page"}],"author":[{"embeddable":true,"href":"https:\/\/cpm.qc.ca\/intranet\/wp-json\/wp\/v2\/users\/2"}],"replies":[{"embeddable":true,"href":"https:\/\/cpm.qc.ca\/intranet\/wp-json\/wp\/v2\/comments?post=131"}],"version-history":[{"count":29,"href":"https:\/\/cpm.qc.ca\/intranet\/wp-json\/wp\/v2\/pages\/131\/revisions"}],"predecessor-version":[{"id":1518,"href":"https:\/\/cpm.qc.ca\/intranet\/wp-json\/wp\/v2\/pages\/131\/revisions\/1518"}],"wp:attachment":[{"href":"https:\/\/cpm.qc.ca\/intranet\/wp-json\/wp\/v2\/media?parent=131"}],"curies":[{"name":"wp","href":"https:\/\/api.w.org\/{rel}","templated":true}]}}