{"id":1172,"date":"2019-09-29T11:41:11","date_gmt":"2019-09-29T16:41:11","guid":{"rendered":"https:\/\/cpm.qc.ca\/intranet\/?page_id=1172"},"modified":"2019-09-29T16:30:07","modified_gmt":"2019-09-29T21:30:07","slug":"aga-2013","status":"publish","type":"page","link":"https:\/\/cpm.qc.ca\/intranet\/aga\/aga-2013\/","title":{"rendered":"AGA 2013"},"content":{"rendered":"\n<ul class=\"wp-block-list\"><li>Assembl\u00e9e g\u00e9n\u00e9rale annuelle 2013<\/li><\/ul>\n\n\n\n<ul class=\"wp-block-list\"><li><a href=\"https:\/\/cpm.qc.ca\/intranet\/wp-content\/uploads\/sites\/4\/2019\/09\/PV-AGA-2013.pdf\">Proc\u00e8s-verbal<\/a><\/li><\/ul>\n","protected":false},"excerpt":{"rendered":"<p>Assembl\u00e9e g\u00e9n\u00e9rale annuelle 2013 Proc\u00e8s-verbal<\/p>\n","protected":false},"author":6,"featured_media":461,"parent":1100,"menu_order":0,"comment_status":"closed","ping_status":"closed","template":"","meta":{"_bbp_topic_count":0,"_bbp_reply_count":0,"_bbp_total_topic_count":0,"_bbp_total_reply_count":0,"_bbp_voice_count":0,"_bbp_anonymous_reply_count":0,"_bbp_topic_count_hidden":0,"_bbp_reply_count_hidden":0,"_bbp_forum_subforum_count":0,"footnotes":""},"class_list":["post-1172","page","type-page","status-publish","has-post-thumbnail","hentry"],"_links":{"self":[{"href":"https:\/\/cpm.qc.ca\/intranet\/wp-json\/wp\/v2\/pages\/1172","targetHints":{"allow":["GET"]}}],"collection":[{"href":"https:\/\/cpm.qc.ca\/intranet\/wp-json\/wp\/v2\/pages"}],"about":[{"href":"https:\/\/cpm.qc.ca\/intranet\/wp-json\/wp\/v2\/types\/page"}],"author":[{"embeddable":true,"href":"https:\/\/cpm.qc.ca\/intranet\/wp-json\/wp\/v2\/users\/6"}],"replies":[{"embeddable":true,"href":"https:\/\/cpm.qc.ca\/intranet\/wp-json\/wp\/v2\/comments?post=1172"}],"version-history":[{"count":4,"href":"https:\/\/cpm.qc.ca\/intranet\/wp-json\/wp\/v2\/pages\/1172\/revisions"}],"predecessor-version":[{"id":1202,"href":"https:\/\/cpm.qc.ca\/intranet\/wp-json\/wp\/v2\/pages\/1172\/revisions\/1202"}],"up":[{"embeddable":true,"href":"https:\/\/cpm.qc.ca\/intranet\/wp-json\/wp\/v2\/pages\/1100"}],"wp:featuredmedia":[{"embeddable":true,"href":"https:\/\/cpm.qc.ca\/intranet\/wp-json\/wp\/v2\/media\/461"}],"wp:attachment":[{"href":"https:\/\/cpm.qc.ca\/intranet\/wp-json\/wp\/v2\/media?parent=1172"}],"curies":[{"name":"wp","href":"https:\/\/api.w.org\/{rel}","templated":true}]}}