{"id":1100,"date":"2019-09-29T08:04:02","date_gmt":"2019-09-29T13:04:02","guid":{"rendered":"https:\/\/cpm.qc.ca\/intranet\/?page_id=1100"},"modified":"2022-10-01T14:16:42","modified_gmt":"2022-10-01T18:16:42","slug":"aga","status":"publish","type":"page","link":"https:\/\/cpm.qc.ca\/intranet\/aga\/","title":{"rendered":"Assembl\u00e9e g\u00e9n\u00e9rale annuelle (AGA)"},"content":{"rendered":"\n<p>\u00c0 leur assembl\u00e9e g\u00e9n\u00e9rale annuelle,\nles membres en r\u00e8gle de la corporation, avec droit de vote&nbsp;:<\/p>\n\n\n\n<ul class=\"wp-block-list\"><li>Adoptent pour l&rsquo;ann\u00e9e financi\u00e8re \u00e9coul\u00e9e, sur recommandation du conseil d&rsquo;administration, le rapport annuel, le bilan et les \u00e9tats financiers contenus dans le rapport du v\u00e9rificateur g\u00e9n\u00e9ral ;<\/li><li>\u00c9lisent les membres du conseil d&rsquo;administration ; <\/li><li>Nomment le v\u00e9rificateur externe pour l&rsquo;exercice financier suivant. <\/li><li>\u00c0 leur assembl\u00e9e g\u00e9n\u00e9rale annuelle ou \u00e0 une assembl\u00e9e g\u00e9n\u00e9rale extraordinaire, les membres de la corporation doivent, si&nbsp;requis : <\/li><li>Ratifier toute r\u00e9vocation, modification ou remise en vigueur des r\u00e8glements propos\u00e9e par le conseil d&rsquo;administration. <\/li><li>Approuver toute modification des grands objectifs de la corporation. <\/li><li>\u00catre saisis de toute affaire n\u00e9cessitant, selon la loi, une d\u00e9cision de la corporation. <\/li><\/ul>\n\n\n\n<p><a href=\"https:\/\/cpm.qc.ca\/intranet\/wp-content\/uploads\/sites\/4\/2019\/09\/R\u00c8GLEMENTS-G\u00c9N\u00c9RAUX-CPM.pdf\" target=\"_blank\" rel=\"noreferrer noopener\" aria-label=\"R\u00e8glements g\u00e9n\u00e9raux de la corporation (s\u2019ouvre dans un nouvel onglet)\">R\u00e8glements g\u00e9n\u00e9raux de la corporation<\/a><\/p>\n\n\n\n<ul class=\"wp-block-list\"><li><a href=\"https:\/\/cpm.qc.ca\/wp-content\/uploads\/2022\/10\/Rapport_annuel_2022.pdf\" target=\"_blank\" rel=\"noreferrer noopener\">Assembl\u00e9e g\u00e9n\u00e9rale annuelle 2022<\/a><\/li><li><a href=\"https:\/\/cpm.qc.ca\/wp-content\/uploads\/2022\/10\/Rapport_annuel_2021.pdf\" target=\"_blank\" rel=\"noreferrer noopener\">Assembl\u00e9e g\u00e9n\u00e9rale annuelle 2021<\/a><\/li><li><a href=\"https:\/\/cpm.qc.ca\/wp-content\/uploads\/2022\/10\/Rapport_annuel_2020.pdf\" target=\"_blank\" rel=\"noreferrer noopener\">Assembl\u00e9e g\u00e9n\u00e9rale annuelle 2020<\/a><\/li><li><a href=\"https:\/\/cpm.qc.ca\/wp-content\/uploads\/2022\/10\/Rapport_annuel_2019.pdf\" target=\"_blank\" rel=\"noreferrer noopener\">Assembl\u00e9e g\u00e9n\u00e9rale annuelle 2019<\/a><\/li><li><a href=\"https:\/\/cpm.qc.ca\/wp-content\/uploads\/2022\/10\/Rapport_annuel_2018.pdf\" target=\"_blank\" rel=\"noreferrer noopener\">Assembl\u00e9e g\u00e9n\u00e9rale annuelle 2018<\/a><\/li><li><a href=\"https:\/\/cpm.qc.ca\/wp-content\/uploads\/2022\/10\/Rapport_annuel_2017.pdf\" target=\"_blank\" rel=\"noreferrer noopener\">Assembl\u00e9e g\u00e9n\u00e9rale annuelle 2017<\/a><\/li><li><a href=\"https:\/\/cpm.qc.ca\/wp-content\/uploads\/2022\/10\/Rapport_annuel_2016.pdf\" target=\"_blank\" rel=\"noreferrer noopener\">Assembl\u00e9e g\u00e9n\u00e9rale annuelle 2016<\/a><\/li><li><a href=\"https:\/\/cpm.qc.ca\/intranet\/aga\/aga-2015\/\">Assembl\u00e9e g\u00e9n\u00e9rale annuelle 2015<\/a><\/li><li><a href=\"https:\/\/cpm.qc.ca\/intranet\/aga\/aga-2014\/\">Assembl\u00e9e g\u00e9n\u00e9rale annuelle 2014<\/a><\/li><li><a href=\"https:\/\/cpm.qc.ca\/intranet\/aga\/aga-2013\/\">Assembl\u00e9e g\u00e9n\u00e9rale annuelle 2013<\/a><\/li><li><a href=\"https:\/\/cpm.qc.ca\/intranet\/aga\/aga-2012\/\">Assembl\u00e9e g\u00e9n\u00e9rale annuelle 2012<\/a><\/li><li><a href=\"https:\/\/cpm.qc.ca\/intranet\/aga\/aga-2011\">Assembl\u00e9e g\u00e9n\u00e9rale annuelle 2011<\/a><\/li><li><a href=\"https:\/\/cpm.qc.ca\/intranet\/aga-2010\/\">Assembl\u00e9e g\u00e9n\u00e9rale annuelle 2010<\/a><\/li><\/ul>\n","protected":false},"excerpt":{"rendered":"<p>\u00c0 leur assembl\u00e9e g\u00e9n\u00e9rale annuelle, les membres en r\u00e8gle de la corporation, avec droit de vote&nbsp;: Adoptent pour l&rsquo;ann\u00e9e financi\u00e8re \u00e9coul\u00e9e, sur recommandation du conseil d&rsquo;administration, le rapport annuel, le bilan et les \u00e9tats financiers contenus dans le rapport du <a class=\"more-link\" href=\"https:\/\/cpm.qc.ca\/intranet\/aga\/\">Lire la suite &#8230;<\/a><\/p>\n","protected":false},"author":6,"featured_media":0,"parent":0,"menu_order":0,"comment_status":"closed","ping_status":"closed","template":"","meta":{"_bbp_topic_count":0,"_bbp_reply_count":0,"_bbp_total_topic_count":0,"_bbp_total_reply_count":0,"_bbp_voice_count":0,"_bbp_anonymous_reply_count":0,"_bbp_topic_count_hidden":0,"_bbp_reply_count_hidden":0,"_bbp_forum_subforum_count":0,"footnotes":""},"class_list":["post-1100","page","type-page","status-publish","hentry"],"_links":{"self":[{"href":"https:\/\/cpm.qc.ca\/intranet\/wp-json\/wp\/v2\/pages\/1100","targetHints":{"allow":["GET"]}}],"collection":[{"href":"https:\/\/cpm.qc.ca\/intranet\/wp-json\/wp\/v2\/pages"}],"about":[{"href":"https:\/\/cpm.qc.ca\/intranet\/wp-json\/wp\/v2\/types\/page"}],"author":[{"embeddable":true,"href":"https:\/\/cpm.qc.ca\/intranet\/wp-json\/wp\/v2\/users\/6"}],"replies":[{"embeddable":true,"href":"https:\/\/cpm.qc.ca\/intranet\/wp-json\/wp\/v2\/comments?post=1100"}],"version-history":[{"count":21,"href":"https:\/\/cpm.qc.ca\/intranet\/wp-json\/wp\/v2\/pages\/1100\/revisions"}],"predecessor-version":[{"id":1610,"href":"https:\/\/cpm.qc.ca\/intranet\/wp-json\/wp\/v2\/pages\/1100\/revisions\/1610"}],"wp:attachment":[{"href":"https:\/\/cpm.qc.ca\/intranet\/wp-json\/wp\/v2\/media?parent=1100"}],"curies":[{"name":"wp","href":"https:\/\/api.w.org\/{rel}","templated":true}]}}